{"id":7666,"date":"2018-03-10T15:40:15","date_gmt":"2018-03-10T13:40:15","guid":{"rendered":"http:\/\/www.magdalenabiela.com\/?page_id=7666"},"modified":"2021-11-07T18:04:36","modified_gmt":"2021-11-07T16:04:36","slug":"spring","status":"publish","type":"page","link":"https:\/\/www.magdalenabiela.com\/?page_id=7666","title":{"rendered":"Roland Erb"},"content":{"rendered":"<div class='pfpItem entry-content'><h2 class='entry-title'><a href='https:\/\/www.magdalenabiela.com\/?p=10815'>SO ZU SAGEN ICH \/ SO TO SPEAK I \/ EU CA SA ZIC ASA<\/a><\/h2><div class='entry-meta'>Posted on April 7, 2022 by magda<\/div><img src=http:\/\/www.magdalenabiela.com\/wp-content\/uploads\/2022\/04\/michel-250x210.jpg style='width:100px' \/>\nSO ZU SAGEN ICH \/ SO TO SPEAK I \/ EU CA SA ZIC ASA\nWarumdies stumpfe Gesicht,das ich schlagen m\u00f6chte,im Spiegel,in der Verschlissenheit,Unsicherheit,was heute geschieht.Soll ichEntschl\u00fcsse fassen &#8211;du wartestdreizehn Sekunden, ach,ein Jahrtausend,irgendwo platztjetzt der bunte Ballon,Gel\u00e4chter lauthals,das die Grimassen verziert,und Sintfluten Schlamm,die ein Gebirgsdorf versch\u00fctten,w\u00e4hrenddas Seezielgetroffen wird(dort wo Aphrodite einstElementen...<a href='https:\/\/www.magdalenabiela.com\/?p=10815' class='pfpReadMore'>Read More &raquo;<\/a><div class='clear'><\/div><hr><\/div><div class='pfpItem entry-content'><h2 class='entry-title'><a href='https:\/\/www.magdalenabiela.com\/?p=10812'>AUCH HEUTE \/ TODAY AS WELL \/ CHIAR \u0218I ASTAZI<\/a><\/h2><div class='entry-meta'>Posted on April 7, 2022 by magda<\/div><img src=https:\/\/www.magdalenabiela.com\/wp-content\/uploads\/2022\/04\/rugaviune-150x150.jpg style='width:100px' \/>\nAUCH HEUTE \/ TODAY AS WELL \/ CHIAR \u0218I ASTAZI\nAuch heute und jeden Tag,ich in meiner Beschr\u00e4nkung,in meiner Isolation,im Aufsparn der Kr\u00e4fte,der alten, unaussch\u00f6pflichen Kr\u00e4fte,die ich nicht nach dem Herzenanspannen kann.\nROLAND ERB\n&#8230;&#8230;&#8230;&#8230;..\nTODAY AS WELL\nEven today and every dayI in my limitationin my isolationin conserving the strength,the ancient, inexhaustible strength,which I...<a href='https:\/\/www.magdalenabiela.com\/?p=10812' class='pfpReadMore'>Read More &raquo;<\/a><div class='clear'><\/div><hr><\/div><div class='pfpItem entry-content'><h2 class='entry-title'><a href='https:\/\/www.magdalenabiela.com\/?p=10806'>WOLHYNIEN \/ VOL\u00c2NIA \/ VOLHYNIA<\/a><\/h2><div class='entry-meta'>Posted on April 7, 2022 by magda<\/div><img src=https:\/\/www.magdalenabiela.com\/wp-content\/uploads\/2022\/04\/volhynia-150x150.jpg style='width:100px' \/>\nWOLHYNIEN \/ VOL\u00c2NIA \/ VOLHYNIA\n\u00a0\nDas Wortfiel im Traum,ich sah, wie ich mein eigenesGrab schaufeln musste.Die Erde war hartgefroren mitriesigen Kieseln,ich hatte baldbrennende Blasenan beiden H\u00e4nden,ich schwitzte, ich fror, ichkonnte nicht denken.Hinter mir,mit dem Gewehr mein W\u00e4chter,er trieb michmit fremdem, deutschem Kommando,sobald ich erlahmte.Mitten im Krieg warsim Traum,ich trug einen sch\u00fctteren...<a href='https:\/\/www.magdalenabiela.com\/?p=10806' class='pfpReadMore'>Read More &raquo;<\/a><div class='clear'><\/div><hr><\/div><div class='pfpItem entry-content'><h2 class='entry-title'><a href='https:\/\/www.magdalenabiela.com\/?p=10786'>MAHNUNG \/ WARNING \/ AVERTIZARE<\/a><\/h2><div class='entry-meta'>Posted on March 18, 2022 by magda<\/div><img src=https:\/\/www.magdalenabiela.com\/wp-content\/uploads\/2022\/03\/bro-150x150.webp style='width:100px' \/>\nMAHNUNG \/ WARNING \/ AVERTIZARE\nDeine beharrliche Stimme spricht mir zu,unvers\u00f6hnlich die herben Vokale,der prallende Auslaut der Worte.Bruder, ich glaube, wir erleben noch andere Zeiten,wenn H\u00e4nde sich pressen hart wie Stein,wenn Schritte strauchelnd ins Leere gehn.Bruder, noch andere Zeiten.\nROLAND ERB\n&#8230;&#8230;&#8230;&#8230;.\nWARNING\nYour persistent voice speaks to me,the unforgiving harsh vowels,the resounding finale of...<a href='https:\/\/www.magdalenabiela.com\/?p=10786' class='pfpReadMore'>Read More &raquo;<\/a><div class='clear'><\/div><hr><\/div><div class='pfpItem entry-content'><h2 class='entry-title'><a href='https:\/\/www.magdalenabiela.com\/?p=10781'>EXEKUTION \/ EXECUTARE \/ EXECUTION<\/a><\/h2><div class='entry-meta'>Posted on March 15, 2022 by magda<\/div><img src=https:\/\/www.magdalenabiela.com\/wp-content\/uploads\/2022\/03\/seasimfoni-150x150.jpg style='width:100px' \/>\nEXEKUTION \/ EXECUTARE \/ EXECUTION\nSymphonien im Schatten, geschrieben, exekutiert,verhaltenes Spiel, ein Sturz, ein Notenblatt-Rei\u00dfen,oder j\u00e4h ein Geschoss aus hundertsechs Pauken,dass die Wogen zerspringen, ihr Pulsen-Str\u00f6menglasig der Spiegel gl\u00e4ttet.Lichtkegel, richten sie aus, zerblendendas Werk dieser H\u00e4nde, ihr Abstufen sorgsam,und die Bogen-Ideen mit den glitzernden Schatten.\nROLAND ERB\n&#8230;&#8230;&#8230;&#8230;&#8230;..\nEXECUTARE\nSimfonii \u00een umbr\u0103, joc scris, executat,retinut,...<a href='https:\/\/www.magdalenabiela.com\/?p=10781' class='pfpReadMore'>Read More &raquo;<\/a><div class='clear'><\/div><hr><\/div><div class='pfpItem entry-content'><h2 class='entry-title'><a href='https:\/\/www.magdalenabiela.com\/?p=10774'>DURCH EINEN SCHACHT \/ PRINTR-UN TUNEL \/ THROUGH A SHAFT<\/a><\/h2><div class='entry-meta'>Posted on March 15, 2022 by magda<\/div><img src=https:\/\/www.magdalenabiela.com\/wp-content\/uploads\/2022\/03\/facial-150x150.webp style='width:100px' \/>\nDURCH EINEN SCHACHT \/ PRINTR-UN TUNEL \/ THROUGH A SHAFT\nOh, wie uns die Knochen gefriernin der unerbittlichen Eisluft,die Haut spannt sich dar\u00fcberporenzerrei\u00dfend.Dein Atem verrinnt,entbindende W\u00e4rme.\nROLAND ERB\n&#8230;&#8230;&#8230;&#8230;&#8230;&#8230;.\nPRINTR-UN TUNEL\nOh, cum ne deger\u0103 oasele\u00een aerul de necrutator de gheata,pielea se intinde peste elrupand porii.Rasuflarea-ti se scurge,dand nastere caldurii.\n&#8230;&#8230;&#8230;&#8230;\nTHROUGH A SHAFT\nOh, how our bones...<a href='https:\/\/www.magdalenabiela.com\/?p=10774' class='pfpReadMore'>Read More &raquo;<\/a><div class='clear'><\/div><hr><\/div><div class='pfpItem entry-content'><h2 class='entry-title'><a href='https:\/\/www.magdalenabiela.com\/?p=10764'>IM VERBLASSENDEN LICHT \/ \u00ceN LUMINA CARE SE STINGE \/ IN THE FADING LIGHT<\/a><\/h2><div class='entry-meta'>Posted on February 22, 2022 by magda<\/div><img src=https:\/\/www.magdalenabiela.com\/wp-content\/uploads\/2022\/02\/Akseli-Gallen-Kallela-150x150.jpg style='width:100px' \/>\nIM VERBLASSENDEN LICHT \/ \u00ceN LUMINA CARE SE STINGE \/ IN THE FADING LIGHT\nWie gut doch das Schweigen ist,wenn man nichts Rechtes zu sagen wei\u00dfund manche b\u00fcndig zu reden verstehn.Du liegst heut so paradiesisch gebettetauf blau und grau gew\u00fcrfelter Luft,die Haut, die sich duftend dir um die Knochen spannt,ist jung,...<a href='https:\/\/www.magdalenabiela.com\/?p=10764' class='pfpReadMore'>Read More &raquo;<\/a><div class='clear'><\/div><hr><\/div><div class='pfpItem entry-content'><h2 class='entry-title'><a href='https:\/\/www.magdalenabiela.com\/?p=10761'>ZWISCHENHALTE IN HALLE \/ POPASURI IN HALLE \/ STOPOVERS IN HALLE<\/a><\/h2><div class='entry-meta'>Posted on February 18, 2022 by magda<\/div><img src=https:\/\/www.magdalenabiela.com\/wp-content\/uploads\/2022\/02\/franckel-150x150.jpg style='width:100px' \/>\u00a0\n\nZWISCHENHALTE IN HALLE \/ POPASURI IN HALLE \/ STOPOVERS IN HALLE\nDie r\u00e4tselhaft lockende Stadtmit dem Reichtum der Salzquellen,ausgebeutet schon seit der Bronzezeit,und die d\u00fcstern Gem\u00e4uerder Kirchen und B\u00fcrgerh\u00e4user.F\u00fcnf T\u00fcrme am Marktaus den Jahrhundert-Tiefen,der verwachsene Stadtgottesackerund die verwaschenen W\u00e4nde derFranckeschen Stiftung,Reste des Giebichensteins \u00fcber dem Stromund die verbrannte Burg mit dem...<a href='https:\/\/www.magdalenabiela.com\/?p=10761' class='pfpReadMore'>Read More &raquo;<\/a><div class='clear'><\/div><hr><\/div><div class='pfpItem entry-content'><h2 class='entry-title'><a href='https:\/\/www.magdalenabiela.com\/?p=10728'>DAS STUMME M\u00c4DCHEN \/ FATA MUTA \/ THE MUTE GIRL<\/a><\/h2><div class='entry-meta'>Posted on February 8, 2022 by magda<\/div><img src=https:\/\/www.magdalenabiela.com\/wp-content\/uploads\/2022\/02\/mute-girl-150x150.jpg style='width:100px' \/>\nDAS STUMME M\u00c4DCHEN \/ FATA MUTA \/ THE MUTE GIRL\nIhr schwarzes Haar f\u00e4llt \u00fcber diese Tagewie jenes Tuch, das dort am Tor den Namen zudecktund alles Fr\u00fcher in Vergessen schickt.Die lichten Mittagsstunden blassen ab,und wieder f\u00fchl ich Eisen in mir klopfen.Ich haste durch die Stadt mit langen Schrittenund z\u00f6gere, mich...<a href='https:\/\/www.magdalenabiela.com\/?p=10728' class='pfpReadMore'>Read More &raquo;<\/a><div class='clear'><\/div><hr><\/div><div class='pfpItem entry-content'><h2 class='entry-title'><a href='https:\/\/www.magdalenabiela.com\/?p=10721'>ABSCHIED \/ FAREWELL \/ RAMAS BUN<\/a><\/h2><div class='entry-meta'>Posted on February 6, 2022 by magda<\/div><img src=https:\/\/www.magdalenabiela.com\/wp-content\/uploads\/2022\/02\/liz-150x150.webp style='width:100px' \/>\nABSCHIED \/ FAREWELL \/ RAMAS BUN\nDie Augen offen, sie lagin dem Blumenbett,hell ihre Augen, zerbissen die Lippe,Blutkrusten im verletzten Gesicht,ein Zeichen auf Nase und Stirn, das Haarfiel nach hinten, offen alles in eins,hell und leicht und entschieden,den Blick nach oben gewandt, nach oben weit\u00fcbern Scheitel. Sie hatteauf einmal dieses kaum...<a href='https:\/\/www.magdalenabiela.com\/?p=10721' class='pfpReadMore'>Read More &raquo;<\/a><div class='clear'><\/div><hr><\/div><span class='pfpNav'><a href=\"https:\/\/www.magdalenabiela.com\/index.php?rest_route=%2Fwp%2Fv2%2Fpages%2F7666&#038;paged=2\" >\u2019NEXT\u2019<\/a><\/span>\n","protected":false},"excerpt":{"rendered":"","protected":false},"author":1,"featured_media":0,"parent":0,"menu_order":0,"comment_status":"open","ping_status":"closed","template":"","meta":{"footnotes":""},"class_list":["post-7666","page","type-page","status-publish","hentry"],"_links":{"self":[{"href":"https:\/\/www.magdalenabiela.com\/index.php?rest_route=\/wp\/v2\/pages\/7666","targetHints":{"allow":["GET"]}}],"collection":[{"href":"https:\/\/www.magdalenabiela.com\/index.php?rest_route=\/wp\/v2\/pages"}],"about":[{"href":"https:\/\/www.magdalenabiela.com\/index.php?rest_route=\/wp\/v2\/types\/page"}],"author":[{"embeddable":true,"href":"https:\/\/www.magdalenabiela.com\/index.php?rest_route=\/wp\/v2\/users\/1"}],"replies":[{"embeddable":true,"href":"https:\/\/www.magdalenabiela.com\/index.php?rest_route=%2Fwp%2Fv2%2Fcomments&post=7666"}],"version-history":[{"count":4,"href":"https:\/\/www.magdalenabiela.com\/index.php?rest_route=\/wp\/v2\/pages\/7666\/revisions"}],"predecessor-version":[{"id":10379,"href":"https:\/\/www.magdalenabiela.com\/index.php?rest_route=\/wp\/v2\/pages\/7666\/revisions\/10379"}],"wp:attachment":[{"href":"https:\/\/www.magdalenabiela.com\/index.php?rest_route=%2Fwp%2Fv2%2Fmedia&parent=7666"}],"curies":[{"name":"wp","href":"https:\/\/api.w.org\/{rel}","templated":true}]}}