{"id":7434,"date":"2018-01-14T14:50:59","date_gmt":"2018-01-14T12:50:59","guid":{"rendered":"http:\/\/www.magdalenabiela.com\/?page_id=7434"},"modified":"2021-11-07T18:02:42","modified_gmt":"2021-11-07T16:02:42","slug":"winter-2018","status":"publish","type":"page","link":"https:\/\/www.magdalenabiela.com\/?page_id=7434","title":{"rendered":"Claudiu Komartin"},"content":{"rendered":"<div class='pfpItem entry-content'><h2 class='entry-title'><a href='https:\/\/www.magdalenabiela.com\/?p=10664'>NICI ASTAZI \/ EVEN TODAY<\/a><\/h2><div class='entry-meta'>Posted on January 19, 2022 by magda<\/div><img src=https:\/\/www.magdalenabiela.com\/wp-content\/uploads\/2022\/01\/handlove-150x150.jpg style='width:100px' \/>\nNICI ASTAZI \/ EVEN TODAY\nNici ast\u0103zi nu ne-am spus vreo vorb\u0103 lini\u0219titoarenici ast\u0103zi soarele nu a fost bl\u00e2nd cu pitbulii muribunzia trecut vremea c\u00e2nd foamea ne r\u00e2c\u00e2ia m\u0103runtaiele \u0219i credeam c\u0103 t\u0103cerea ne va face iar\u0103\u0219i vizibiliprin canioanele diferitelor forme de feti\u0219ism ale min\u021biidegetele mele m\u00e2njite de orez cu lapte...<a href='https:\/\/www.magdalenabiela.com\/?p=10664' class='pfpReadMore'>Read More &raquo;<\/a><div class='clear'><\/div><hr><\/div><div class='pfpItem entry-content'><h2 class='entry-title'><a href='https:\/\/www.magdalenabiela.com\/?p=10610'>AS FI VRUT SA O PRIVESC IN OCHI \/ I'D HAVE LIKED TO LOOK HER IN THE EYE<\/a><\/h2><div class='entry-meta'>Posted on December 27, 2021 by magda<\/div><img src=https:\/\/www.magdalenabiela.com\/wp-content\/uploads\/2021\/12\/51-150x150.jpeg style='width:100px' \/>\n\u00a0\nAS FI VRUT SA O PRIVESC IN OCHI \/ I&#8217;D HAVE LIKED TO LOOK HER IN THE EYE\nA\u0219 fi vrut s\u0103 o privesc \u00een ochi\u00een timp ce \u00eei spun cu accentul meu de estic perfidHier bei euch ist schon Fr\u00fchling geworden, \u00eens\u0103 ochelarii de soare ai Brunhildeide pe banca din...<a href='https:\/\/www.magdalenabiela.com\/?p=10610' class='pfpReadMore'>Read More &raquo;<\/a><div class='clear'><\/div><hr><\/div><div class='pfpItem entry-content'><h2 class='entry-title'><a href='https:\/\/www.magdalenabiela.com\/?p=10549'>AR TREBUI POATE \/ PERHAPS WE SHOULD<\/a><\/h2><div class='entry-meta'>Posted on December 17, 2021 by magda<\/div><img src=https:\/\/www.magdalenabiela.com\/wp-content\/uploads\/2021\/12\/nastia-150x150.jpg style='width:100px' \/>\n\u00a0\nAR TREBUI POATE \/ PERHAPS WE SHOULD\nAr trebui poate s\u0103 fim mai bl\u00e2nzi cu animalul de prad\u0103 ce ni se a\u0219az\u0103 al\u0103turi \u0219i schel\u0103l\u0103ie \u00eenceti\u0219or, c\u0103ut\u00e2nds\u0103 ne-nve\u021be limba.I-am distrus habitatul \u0219i el \u00eenc\u0103 accept\u0103. Iube\u0219te. R\u0103bd\u0103tor st\u0103 la p\u00e2nd\u0103.\nCele dou\u0103 inimi pe care felina Moldova le-a sim\u021bit b\u0103t\u00e2nd \u00een tinec\u00e2nd...<a href='https:\/\/www.magdalenabiela.com\/?p=10549' class='pfpReadMore'>Read More &raquo;<\/a><div class='clear'><\/div><hr><\/div><div class='pfpItem entry-content'><h2 class='entry-title'><a href='https:\/\/www.magdalenabiela.com\/?p=10408'>Nu am s\u0103 te mai hr\u0103nesc, a\u0219a cum te-am obi\u0219nuit. \/ I will no longer feed you, as I got you used to it.<\/a><\/h2><div class='entry-meta'>Posted on November 15, 2021 by magda<\/div><img src=https:\/\/www.magdalenabiela.com\/wp-content\/uploads\/2021\/11\/skelet-150x150.jpg style='width:100px' \/>\n\u00a0\n\u00a0\nNu am s\u0103 te mai hr\u0103nesc, a\u0219a cum te-am obi\u0219nuit. \/ I will no longer feed you, as I got you used to it.\nNu am s\u0103 te mai hr\u0103nesc, a\u0219a cum te-am obi\u0219nuit.Pentru o vreme voi fi plecat\u0103 \u00eentr-o \u021bar\u0103unde cei boga\u021bi nu beau \u0219ampanie din protezele veteranilor nici politicienii...<a href='https:\/\/www.magdalenabiela.com\/?p=10408' class='pfpReadMore'>Read More &raquo;<\/a><div class='clear'><\/div><hr><\/div><div class='pfpItem entry-content'><h2 class='entry-title'><a href='https:\/\/www.magdalenabiela.com\/?p=10358'>Lumea \u00ee\u0219i \u00eenc\u00e2lce\u0219te meridianele \/ The world's got its meridians all tangled up<\/a><\/h2><div class='entry-meta'>Posted on November 1, 2021 by magda<\/div><img src=https:\/\/www.magdalenabiela.com\/wp-content\/uploads\/2021\/11\/birds-150x150.jpg style='width:100px' \/>\n&nbsp;\n&nbsp;\nLumea \u00ee\u0219i \u00eenc\u00e2lce\u0219te meridianele\u00een timp ce p\u0103s\u0103rile se-ntorc cu spatele din \u021b\u0103rile calde, \u0219i ca s\u0103-n\u021belegi ceva poate c\u0103 \u00ee\u021bi trebuiest\u0103ruin\u021b\u0103 \u0219i abnega\u021biesau sardele \u0219i flori de plastic (\u201eIepurele-Alb aduse o h\u00e2rtie, pe care se afla scris\u0103 o poezie \u0219i era nesemnat\u0103.Regina spuse c\u0103 asta dovede\u0219te c\u0103 Valetul-de-Cup\u0103 e vinovat\u201d),...<a href='https:\/\/www.magdalenabiela.com\/?p=10358' class='pfpReadMore'>Read More &raquo;<\/a><div class='clear'><\/div><hr><\/div><div class='pfpItem entry-content'><h2 class='entry-title'><a href='https:\/\/www.magdalenabiela.com\/?p=10345'>Album<\/a><\/h2><div class='entry-meta'>Posted on November 1, 2021 by magda<\/div><img src=https:\/\/www.magdalenabiela.com\/wp-content\/uploads\/2021\/11\/bodydust-150x150.jpeg style='width:100px' \/>\n&nbsp;\n&nbsp;\nAlbum\nNe fotografiem pe r\u00e2ndcu muribunzi \u0219i nou-n\u0103scu\u021bi\u00eencerc\u0103m s\u0103 ap\u0103r\u0103m soarele de primejdia coloniz\u0103rii cu hoardele de militan\u021bi ai salv\u0103rii speciei prin devorare \u0219i exodb\u0103uturile tari ne daudin ce \u00een ce mai des t\u00e2rcoale ni\u0219te bestii mici lihnite dornice s\u0103 prind\u0103 \u0219i ele cevade la osp\u0103\u021bul tuturor neiubi\u021bilor premedit\u0103m \u00eent\u00e2lnirea cu...<a href='https:\/\/www.magdalenabiela.com\/?p=10345' class='pfpReadMore'>Read More &raquo;<\/a><div class='clear'><\/div><hr><\/div><div class='pfpItem entry-content'><h2 class='entry-title'><a href='https:\/\/www.magdalenabiela.com\/?p=10288'>Aiko Monzaemon, curtezan\u0103 \/ Aiko Monzaemon, courtesan<\/a><\/h2><div class='entry-meta'>Posted on September 26, 2021 by magda<\/div><img src=https:\/\/www.magdalenabiela.com\/wp-content\/uploads\/2021\/09\/aiko-150x150.webp style='width:100px' \/>\n&nbsp;\n&nbsp;\n&nbsp;\n&nbsp;\n&nbsp;\n&nbsp;\n&nbsp;\n&nbsp;\n&nbsp;\n&nbsp;\n\nAiko Monzaemon, curtezan\u0103 \/ Aiko Monzaemon, courtesan\nNu am f\u0103cut niciodat\u0103 dragoste de dou\u0103 ori cu acela\u0219i b\u0103rbat.Unii spun c\u0103 a\u0219 fi o stricat\u0103,\u00eens\u0103 crede\u021bi-m\u0103: sunt cea mai sfioas\u0103 persoan\u0103pe care nu o cunoa\u0219te\u021bi,singura fecioar\u0103 pe care luna o \u00een\u021belege\u0219i \u00eei d\u0103 bani de \u021big\u0103ri dup\u0103 ce se spal\u0103,se-mbrac\u0103 \u0219i pleac\u0103...<a href='https:\/\/www.magdalenabiela.com\/?p=10288' class='pfpReadMore'>Read More &raquo;<\/a><div class='clear'><\/div><hr><\/div><div class='pfpItem entry-content'><h2 class='entry-title'><a href='https:\/\/www.magdalenabiela.com\/?p=10285'>\u201eNici \u00een cer, nici \u00een mijlocul oceanului, nici \u00een pe\u0219terile din mun\u021bi\u201d \/ \"Neither in the sky, nor in the middle of the ocean, nor in the caves of the mountains\"<\/a><\/h2><div class='entry-meta'>Posted on September 26, 2021 by magda<\/div><img src=https:\/\/www.magdalenabiela.com\/wp-content\/uploads\/2021\/09\/death-150x150.jpg style='width:100px' \/>\n\u00a0\n\u00a0\n\u00a0\n\u00a0\n\u00a0\n\u00a0\n\u00a0\n\u00a0\n\u00a0\n\u00a0\n\u201eNici \u00een cer, nici \u00een mijlocul oceanului,nici \u00een pe\u0219terile din mun\u021bi\u201d \/ &#8220;Neither in the sky, nor in the middle of the ocean, nor in the caves of the mountains&#8221;\n\u00a0\nDoctore, doctore, nu r\u00e2nji \u00eenc\u0103, nu \u021bi-ai g\u0103sit omul.Sunt mai sarcastic dec\u00e2t tine la orice or\u0103,iar despre cinism mai bine s\u0103...<a href='https:\/\/www.magdalenabiela.com\/?p=10285' class='pfpReadMore'>Read More &raquo;<\/a><div class='clear'><\/div><hr><\/div><div class='pfpItem entry-content'><h2 class='entry-title'><a href='https:\/\/www.magdalenabiela.com\/?p=10282'>autoportret cu saxofon \/ self-portrait with saxophone<\/a><\/h2><div class='entry-meta'>Posted on September 26, 2021 by magda<\/div><img src=https:\/\/www.magdalenabiela.com\/wp-content\/uploads\/2021\/09\/saxomax-150x150.jpg style='width:100px' \/>\n\u00a0\n\u00a0\n\u00a0\n\u00a0\n\u00a0\n\u00a0\n\u00a0\n\u00a0\n\u00a0\n\u00a0\nautoportret cu saxofon \/ self-portrait with saxophone\nnu \u00ee\u021bi vorbesc pre limba veacului, pentru c\u0103limba veaculuie peltic\u0103\u0219i rea la gust.o s\u0103 trebuiasc\u0103 s\u0103 o spun altfel, s\u0103 sap \u0219an\u021buri de ap\u0103rare,s\u0103 ridic turnuri\u00een jurul a ceea ce am crezut c\u0103 poate sc\u00e2ncicu glasul fiului meu?cheam\u0103-m\u0103\u0219i o s\u0103-\u021bi povestesc \u00een am\u0103nunt ultimele...<a href='https:\/\/www.magdalenabiela.com\/?p=10282' class='pfpReadMore'>Read More &raquo;<\/a><div class='clear'><\/div><hr><\/div><div class='pfpItem entry-content'><h2 class='entry-title'><a href='https:\/\/www.magdalenabiela.com\/?p=10279'>GER \/ FROST<\/a><\/h2><div class='entry-meta'>Posted on September 26, 2021 by magda<\/div><img src=https:\/\/www.magdalenabiela.com\/wp-content\/uploads\/2021\/09\/y-150x150.jpg style='width:100px' \/>\n\u00a0\n\u00a0\n\u00a0\n\u00a0\n\u00a0\n\u00a0\n\u00a0\n\u00a0\n\u00a0\n\u00a0\n\nGER \/ FROST\nTat\u0103l meu. Descoperit t\u00e2rziu, de mine: fiul,al lui, dup\u0103 o droaie de sanc\u021biuni, sentin\u021be, decep\u021bii.K_aput. El,pentru mine, at\u00e2ta timp, doarpretext. Nebuloas\u0103\u00een versuri, cu urm\u0103ri discutabile. T\u0103tuca.Poemele cu. Nu a\u0219a.P\u00e2n\u0103 c\u00e2nd am avut eviden\u021ba unei neglijen\u021benu tic\u0103loase: nu fa\u021b\u0103 de el,fa\u021b\u0103 de ceea ce se cerea spus. Nici chiar...<a href='https:\/\/www.magdalenabiela.com\/?p=10279' class='pfpReadMore'>Read More &raquo;<\/a><div class='clear'><\/div><hr><\/div>\n","protected":false},"excerpt":{"rendered":"","protected":false},"author":1,"featured_media":0,"parent":0,"menu_order":0,"comment_status":"open","ping_status":"closed","template":"","meta":{"footnotes":""},"class_list":["post-7434","page","type-page","status-publish","hentry"],"_links":{"self":[{"href":"https:\/\/www.magdalenabiela.com\/index.php?rest_route=\/wp\/v2\/pages\/7434","targetHints":{"allow":["GET"]}}],"collection":[{"href":"https:\/\/www.magdalenabiela.com\/index.php?rest_route=\/wp\/v2\/pages"}],"about":[{"href":"https:\/\/www.magdalenabiela.com\/index.php?rest_route=\/wp\/v2\/types\/page"}],"author":[{"embeddable":true,"href":"https:\/\/www.magdalenabiela.com\/index.php?rest_route=\/wp\/v2\/users\/1"}],"replies":[{"embeddable":true,"href":"https:\/\/www.magdalenabiela.com\/index.php?rest_route=%2Fwp%2Fv2%2Fcomments&post=7434"}],"version-history":[{"count":5,"href":"https:\/\/www.magdalenabiela.com\/index.php?rest_route=\/wp\/v2\/pages\/7434\/revisions"}],"predecessor-version":[{"id":10376,"href":"https:\/\/www.magdalenabiela.com\/index.php?rest_route=\/wp\/v2\/pages\/7434\/revisions\/10376"}],"wp:attachment":[{"href":"https:\/\/www.magdalenabiela.com\/index.php?rest_route=%2Fwp%2Fv2%2Fmedia&parent=7434"}],"curies":[{"name":"wp","href":"https:\/\/api.w.org\/{rel}","templated":true}]}}