{"id":7206,"date":"2017-10-09T18:58:32","date_gmt":"2017-10-09T15:58:32","guid":{"rendered":"http:\/\/www.magdalenabiela.com\/?page_id=7206"},"modified":"2017-10-09T19:56:41","modified_gmt":"2017-10-09T16:56:41","slug":"ohjauksen-tulevaisuus","status":"publish","type":"page","link":"https:\/\/www.magdalenabiela.com\/?page_id=7206","title":{"rendered":"Ohjauksen tulevaisuus"},"content":{"rendered":"<blockquote class=\"sc-blockquote\">Ohjauksen tulevaisuus<\/p>\n<p>&nbsp;<\/p>\n<p>Ohjaajan ammatissa joudutaan vastaamaan seuraaviin suuriin vaatimuksiin tulevina vuosikymmenin\u00e4:<\/p>\n<ul>\n<li><u>Vastuullisuus<\/u>: meill\u00e4 on eettinen velvollisuus tarjota mahdollisimman hyvi\u00e4 ja tehokkaita palveluja. Valitettavasti usein vaikenemme, kun muut m\u00e4\u00e4rittelev\u00e4t ja rajoittavat tarjottavien palvelujen laatua ohjauksen ammattilaisten puolesta. Tulevaisuudessa tarvitsemme entist\u00e4 enemm\u00e4n perusteellisia tutkimuksia ja aktiivista vaikuttamista ammattimaisen ohjauksen alalla. N\u00e4in opimme paremmin ymm\u00e4rt\u00e4m\u00e4\u00e4n, mitk\u00e4 k\u00e4yt\u00e4nn\u00f6t toimivat parhaiten ohjauksen alalla ja voimme sis\u00e4llytt\u00e4\u00e4 n\u00e4ytt\u00f6\u00f6n perustuvia k\u00e4yt\u00e4nt\u00f6j\u00e4 eri ohjausymp\u00e4rist\u00f6ihin.<\/li>\n<li><u>Ymm\u00e4rt\u00e4minen<\/u>: ohjaajan ammatti perustuu kokonaisvaltaisen hyvinvoinnin ymm\u00e4rt\u00e4miseen. Tulevaisuudessa varmasti ymm\u00e4rret\u00e4\u00e4n paremmin mielenterveyden ja erilaisten tekij\u00f6iden, kuten neurobiologian, hengellisyyden, ymp\u00e4rist\u00f6n ja kulttuurin v\u00e4lisi\u00e4 monimutkaisia yhteyksi\u00e4. Kun ymm\u00e4rryksemme n\u00e4ist\u00e4 tekij\u00f6ist\u00e4 kasvaa, meid\u00e4n on kehitett\u00e4v\u00e4 toimintaamme sen mukaisesti.<\/li>\n<li><u>Identiteetti<\/u>: suuremman vastuullisuuden ja ymm\u00e4rt\u00e4misen vaatimukset tarjoavat ohjauksen ammattilaisille mahdollisuuden toteuttaa potentiaaliaan kasvun ja hyvinvoinnin edist\u00e4jin\u00e4. Siksi meid\u00e4n on yh\u00e4 enemm\u00e4n kehitett\u00e4v\u00e4 yhteist\u00e4 ammatti-identiteetti\u00e4 pohtimalla keit\u00e4 me olemme, mit\u00e4 me teemme sek\u00e4 miss\u00e4, milloin, miksi ja miten palvelemme.<\/li>\n<\/ul>\n<p>T\u00e4m\u00e4n vuosituhannen kiireisess\u00e4 ja hektisess\u00e4 el\u00e4m\u00e4ss\u00e4, jossa teknologia hallitsee mielt\u00e4 ja sielua, tulee olemaan yh\u00e4 enemm\u00e4n tarvetta ohjaukselle ja neuvonnalle, ihmisille, jotka osaavat kuunnella tuomitsematta, jotka osaavat hienovaraisesti johdatella ihmist\u00e4 oikealle polulle. Maailman muuttuessa my\u00f6s ohjausty\u00f6st\u00e4 tulee entist\u00e4 monimuotoisempaa ja syntyy uusia ohjauksen toteuttamismuotoja.<br \/>\nNykymaailmaa voisi luonnehtia n\u00e4in:\u201dSe, joka ei tied\u00e4 mit\u00e4\u00e4n, mutta tiet\u00e4\u00e4, ettei tied\u00e4 mit\u00e4\u00e4n, tiet\u00e4\u00e4 enemm\u00e4n kuin se, joka ei tied\u00e4, mutta ei tied\u00e4, ettei tied\u00e4.\u201d (Kaksinkertainen tiet\u00e4m\u00e4tt\u00f6myys Sokrateen mukaan).<\/p>\n<p>[gallery link=\"file\" columns=\"1\" size=\"medium\" ids=\"7207\"]<\/p>\n<p>&nbsp;<\/p>\n<p>&nbsp;<\/p>\n<p>Biela<\/blockquote>\n","protected":false},"excerpt":{"rendered":"","protected":false},"author":1,"featured_media":0,"parent":0,"menu_order":0,"comment_status":"open","ping_status":"closed","template":"","meta":{"footnotes":""},"class_list":["post-7206","page","type-page","status-publish","hentry"],"_links":{"self":[{"href":"https:\/\/www.magdalenabiela.com\/index.php?rest_route=\/wp\/v2\/pages\/7206","targetHints":{"allow":["GET"]}}],"collection":[{"href":"https:\/\/www.magdalenabiela.com\/index.php?rest_route=\/wp\/v2\/pages"}],"about":[{"href":"https:\/\/www.magdalenabiela.com\/index.php?rest_route=\/wp\/v2\/types\/page"}],"author":[{"embeddable":true,"href":"https:\/\/www.magdalenabiela.com\/index.php?rest_route=\/wp\/v2\/users\/1"}],"replies":[{"embeddable":true,"href":"https:\/\/www.magdalenabiela.com\/index.php?rest_route=%2Fwp%2Fv2%2Fcomments&post=7206"}],"version-history":[{"count":3,"href":"https:\/\/www.magdalenabiela.com\/index.php?rest_route=\/wp\/v2\/pages\/7206\/revisions"}],"predecessor-version":[{"id":7215,"href":"https:\/\/www.magdalenabiela.com\/index.php?rest_route=\/wp\/v2\/pages\/7206\/revisions\/7215"}],"wp:attachment":[{"href":"https:\/\/www.magdalenabiela.com\/index.php?rest_route=%2Fwp%2Fv2%2Fmedia&parent=7206"}],"curies":[{"name":"wp","href":"https:\/\/api.w.org\/{rel}","templated":true}]}}