{"id":7197,"date":"2017-10-09T18:52:56","date_gmt":"2017-10-09T15:52:56","guid":{"rendered":"http:\/\/www.magdalenabiela.com\/?page_id=7197"},"modified":"2017-10-09T19:59:35","modified_gmt":"2017-10-09T16:59:35","slug":"maahanmuuttajan-uraohjaus","status":"publish","type":"page","link":"https:\/\/www.magdalenabiela.com\/?page_id=7197","title":{"rendered":"Maahanmuuttajan uraohjaus"},"content":{"rendered":"<blockquote class=\"sc-blockquote\">Maahanmuuttajan uraohjaus<\/p>\n<p>&nbsp;<\/p>\n<p>Ty\u00f6ss\u00e4ni Riihim\u00e4en aikuislukion maahanmuuttajien peruskoulussa k\u00e4ytin Odotushuonetta my\u00f6s uraohjauksen antamiseen. Heid\u00e4n vastaanotostaan l\u00e4htien minulla oli k\u00e4ytett\u00e4viss\u00e4ni kaikki heit\u00e4 koskevat tiedot: heid\u00e4n statuksensa (maahanmuuttaja, paluumuuttaja, pakolainen), koulutustaso, lukutaito tai lukutaidottomuus, ty\u00f6kokemus omasta maasta.<br \/>\nEnsimm\u00e4isen lukuvuoden j\u00e4lkeen, kun suomen kieli alkoi tulla tutuksi, etsin heille harjoittelupaikkoja kes\u00e4ksi, 3-4 viikon jaksona. Yleens\u00e4 harjoittelu liittyi heid\u00e4n ammattitaitoonsa ja aikaisempaan ty\u00f6kokemukseensa, jos heill\u00e4 niit\u00e4 oli: p\u00e4iv\u00e4kodissa, l\u00e4hihoitajana, kaupoissa. Minulla oli kerran my\u00f6s brasilialainen juristi, joka oli harjoittelussa Riihim\u00e4en k\u00e4r\u00e4j\u00e4oikeudessa ja joka ty\u00f6skentelee nyt juristina Helsingiss\u00e4. Minulla oli my\u00f6s kazakhstanilainen farmaseutti, joka harjoitteli Riihim\u00e4ell\u00e4 apteekissa. Nyt h\u00e4nell\u00e4 on siell\u00e4 ty\u00f6paikka.<br \/>\nTy\u00f6harjoittelu on suomea opiskelevalle maahanmuuttajalle eritt\u00e4in t\u00e4rke\u00e4, koska siin\u00e4 h\u00e4n tutustuu suomalaisiin ja suomalaiseen ty\u00f6el\u00e4m\u00e4\u00e4n. H\u00e4n alkaa ymm\u00e4rt\u00e4\u00e4 eron suomen puhekielen ja koulussa oppimansa kirjakielen v\u00e4lill\u00e4.<br \/>\nKaikki maahanmuuttajat eiv\u00e4t tietenk\u00e4\u00e4n halunneet menn\u00e4 harjoitteluun. Sillon te-toimisto puuttui asiaan ja keskeytti ty\u00f6markkinatuen maksamisen. Tein jatkuvasti yhteisty\u00f6t\u00e4 te-toimiston, Kelan ja sosiaalitoimen kanssa.<br \/>\nEnsimm\u00e4isen lukuvuoden aikana opastettiin maahanmuuttajia rinnastamaan ulkomaiset tutkintonsa Opetushallituksessa niin, ett\u00e4 heill\u00e4 olisi toisen vuoden opintojen alkaessa tai valmistumiseen menness\u00e4 my\u00f6s rinnastamisp\u00e4\u00e4t\u00f6s valmiina. Niit\u00e4, jotka olivat ammatiltaan opettajia ja joilta Opetushallitus vaati pedagogian t\u00e4ydennysopintoja rinnastamista varten, ohjattiin valmistumisen j\u00e4lkeen hakeutumaan pedagogian t\u00e4ydennysopintoihin. Niit\u00e4, jotka olivat l\u00e4\u00e4k\u00e4reit\u00e4, ohjattiin hakeutumaan l\u00e4\u00e4k\u00e4rin p\u00e4tevyyskokeeseen Valviraan. Niit\u00e4, jotka olivat suorittaneet vain lukion, opastettiin hakemaan yliopistoon tai ammattikorkeakouluun. Niit\u00e4, jotka eiv\u00e4t olleet k\u00e4yneet lukiota, ohjattiin opiskelemaan lukiossa.<br \/>\nKaikkia opetettiin laatimaan CV ja ty\u00f6hakemus sek\u00e4 k\u00e4ytt\u00e4ytym\u00e4\u00e4n oikein ty\u00f6haastattelussa. Kerran viikossa tehtiin tutustumisk\u00e4yntej\u00e4 erilaisiin ty\u00f6paikkoihin. V\u00e4hint\u00e4\u00e4n kerran kuussa j\u00e4rjestettiin tapaamisia eri ty\u00f6paikkojen ty\u00f6nantajien kanssa.<br \/>\nN\u00e4in tarjottiin uraohjausta niille, jotka jo osasivat suomen kielt\u00e4. Ne, jotka eiv\u00e4t viel\u00e4 osanneet suomea, j\u00e4iv\u00e4t koulun penkille opiskelemaan kielt\u00e4.<br \/>\nLis\u00e4ksi oli viel\u00e4 yksi maahanmuuttajien erityisryhm\u00e4, kotirouvat muslimimaista, joilla ei ollut mit\u00e4\u00e4n ammattikoulutusta. Heill\u00e4 ei ollut aikaa ja voimia opiskella suomea niin hyvin, ett\u00e4 voisivat menn\u00e4 t\u00f6ihin. Heill\u00e4 oli vain \u00e4idin ja puolison rooli. Heille j\u00e4rjestettiin erityisi\u00e4 ryhmi\u00e4 oppituntien ulkopuolella. Siell\u00e4 heille j\u00e4rjestettiin kaikenlaista toimintaa, kuten ruoanlaittoa ja kutomista, yhdess\u00e4 vapaaehtoisty\u00f6t\u00e4 tekevien suomalaisten naisten kanssa. N\u00e4in kukaan ei j\u00e4\u00e4nyt ulkopuolelle, vaan jokainen osallistui johonkin.<\/p>\n<p>[gallery link=\"file\" columns=\"1\" size=\"medium\" ids=\"7198\"]<\/p>\n<p>&nbsp;<\/p>\n<p>&nbsp;<\/p>\n<p>Biela<\/blockquote>\n","protected":false},"excerpt":{"rendered":"","protected":false},"author":1,"featured_media":0,"parent":0,"menu_order":0,"comment_status":"open","ping_status":"closed","template":"","meta":{"footnotes":""},"class_list":["post-7197","page","type-page","status-publish","hentry"],"_links":{"self":[{"href":"https:\/\/www.magdalenabiela.com\/index.php?rest_route=\/wp\/v2\/pages\/7197","targetHints":{"allow":["GET"]}}],"collection":[{"href":"https:\/\/www.magdalenabiela.com\/index.php?rest_route=\/wp\/v2\/pages"}],"about":[{"href":"https:\/\/www.magdalenabiela.com\/index.php?rest_route=\/wp\/v2\/types\/page"}],"author":[{"embeddable":true,"href":"https:\/\/www.magdalenabiela.com\/index.php?rest_route=\/wp\/v2\/users\/1"}],"replies":[{"embeddable":true,"href":"https:\/\/www.magdalenabiela.com\/index.php?rest_route=%2Fwp%2Fv2%2Fcomments&post=7197"}],"version-history":[{"count":3,"href":"https:\/\/www.magdalenabiela.com\/index.php?rest_route=\/wp\/v2\/pages\/7197\/revisions"}],"predecessor-version":[{"id":7220,"href":"https:\/\/www.magdalenabiela.com\/index.php?rest_route=\/wp\/v2\/pages\/7197\/revisions\/7220"}],"wp:attachment":[{"href":"https:\/\/www.magdalenabiela.com\/index.php?rest_route=%2Fwp%2Fv2%2Fmedia&parent=7197"}],"curies":[{"name":"wp","href":"https:\/\/api.w.org\/{rel}","templated":true}]}}