{"id":7193,"date":"2017-10-09T18:51:15","date_gmt":"2017-10-09T15:51:15","guid":{"rendered":"http:\/\/www.magdalenabiela.com\/?page_id=7193"},"modified":"2017-10-09T20:01:22","modified_gmt":"2017-10-09T17:01:22","slug":"kehitykseni-opinto-ohjaajana","status":"publish","type":"page","link":"https:\/\/www.magdalenabiela.com\/?page_id=7193","title":{"rendered":"Kehitykseni opinto-ohjaajana"},"content":{"rendered":"<blockquote class=\"sc-blockquote\">Kehitykseni opinto-ohjaajana<\/p>\n<p>&nbsp;<\/p>\n<p>Kun aloitin opinto-ohjaajan opinnot, olin vain ranskan ja suomen kielen opettaja, jolla oli 11 vuoden kokemus maahanmuuttajakoordinaattorin ty\u00f6st\u00e4. Olin unohtanut kaiken k\u00e4ytt\u00f6teorian, jota olin opiskellut yliopistossa. Vaikka tarjosin ohjausta ja neuvontaa, minulla ei ollut aikaa ajatella ohjausta teoreettisesti sanoen mieless\u00e4ni \u201dnyt tarjoan psykodynaamista ohjausta, ratkaisukeskeist\u00e4 ohjausta, sosiodynaamista ohjausta, kognitiivista ohjausta\u201d. Mutta koska opinto-ohjaajan opintoihin sis\u00e4ltyi teoreettisia opintoja, palasin erikoisalan kirjallisuuteen, kertasin akateemisia tietojani ja niiden k\u00e4ytt\u00f6\u00e4. Ammatilliset valmiuteni ja asiantuntemukseni ovat siis kehittyneet paljon n\u00e4iden opintojen ansiosta.<br \/>\nEnnen n\u00e4iden opintojen harjoittelujaksoja en ollut koskaan ennen ty\u00f6skennellyt suomalaisen peruskoulun yl\u00e4asteella tai suomalaisessa ammattikoulussa. Mutta koska n\u00e4ihin opintoihin sis\u00e4ltyi kolme harjoittelujaksoa, minulla oli tilaisuus tutustua ohjaukseen ammattiopistossa ja yl\u00e4asteella. Siell\u00e4 n\u00e4in, miten vaativaa ja vastuullista ty\u00f6t\u00e4 opinto-ohjaus on.<br \/>\nOlen muuttunut my\u00f6s ihmisen\u00e4. Olin ujo, hiljainen ihminen, joka piiloutui rehtorin ja muiden opettajien sel\u00e4n taakse, joka ty\u00f6skenteli ahkerasti, mutta joka halusi olla ennemmin n\u00e4kym\u00e4t\u00f6n kuin huomion keskipisteen\u00e4.<\/p>\n<p>Vuoden opinnot Jyv\u00e4skyl\u00e4n ammattikorkeakoulussa ovat tehneet minusta rohkeamman, puheliaamman, uteliaamman, iloisemman. Ehk\u00e4 kaikki n\u00e4m\u00e4 ominaisuudet olivat minussa jo piilevin\u00e4, ja kouluttajat ja opiskelutoverit auttoivat minua tuomaan ne esiin. Nyt ymm\u00e4rr\u00e4n paremmin itsetuntemuksen k\u00e4sitteen ja olen kiitollinen koululle ja kouluttajille.<br \/>\nToisin sanoen Jyv\u00e4skyl\u00e4n ammattikorkeakoulun opinto-ohjaajan koulutus on opettanut minulle, ettei ole olemassa, saavuttamattomia korkeuksia, vain liian lyhyit\u00e4 siipi\u00e4.<\/p>\n<p>&nbsp;<\/p>\n<p>Biela<\/blockquote>\n","protected":false},"excerpt":{"rendered":"","protected":false},"author":1,"featured_media":0,"parent":0,"menu_order":0,"comment_status":"open","ping_status":"closed","template":"","meta":{"footnotes":""},"class_list":["post-7193","page","type-page","status-publish","hentry"],"_links":{"self":[{"href":"https:\/\/www.magdalenabiela.com\/index.php?rest_route=\/wp\/v2\/pages\/7193","targetHints":{"allow":["GET"]}}],"collection":[{"href":"https:\/\/www.magdalenabiela.com\/index.php?rest_route=\/wp\/v2\/pages"}],"about":[{"href":"https:\/\/www.magdalenabiela.com\/index.php?rest_route=\/wp\/v2\/types\/page"}],"author":[{"embeddable":true,"href":"https:\/\/www.magdalenabiela.com\/index.php?rest_route=\/wp\/v2\/users\/1"}],"replies":[{"embeddable":true,"href":"https:\/\/www.magdalenabiela.com\/index.php?rest_route=%2Fwp%2Fv2%2Fcomments&post=7193"}],"version-history":[{"count":2,"href":"https:\/\/www.magdalenabiela.com\/index.php?rest_route=\/wp\/v2\/pages\/7193\/revisions"}],"predecessor-version":[{"id":7221,"href":"https:\/\/www.magdalenabiela.com\/index.php?rest_route=\/wp\/v2\/pages\/7193\/revisions\/7221"}],"wp:attachment":[{"href":"https:\/\/www.magdalenabiela.com\/index.php?rest_route=%2Fwp%2Fv2%2Fmedia&parent=7193"}],"curies":[{"name":"wp","href":"https:\/\/api.w.org\/{rel}","templated":true}]}}