{"id":7189,"date":"2017-10-09T18:50:01","date_gmt":"2017-10-09T15:50:01","guid":{"rendered":"http:\/\/www.magdalenabiela.com\/?page_id=7189"},"modified":"2017-10-09T20:02:44","modified_gmt":"2017-10-09T17:02:44","slug":"opinto-ohjauksen-ja-erityisopetuksen-yhtalaisyyksia-ja-eroja","status":"publish","type":"page","link":"https:\/\/www.magdalenabiela.com\/?page_id=7189","title":{"rendered":"Opinto-ohjauksen ja erityisopetuksen yht\u00e4l\u00e4isyyksi\u00e4 ja eroja"},"content":{"rendered":"<p>&nbsp;<\/p>\n<blockquote class=\"sc-blockquote\">Opinto-ohjauksen ja erityisopetuksen yht\u00e4l\u00e4isyyksi\u00e4 ja eroja<\/p>\n<p>&nbsp;<\/p>\n<p>Mielest\u00e4ni erityisoppilaan ohjaus on prosessi,\u00a0 johon osallistuu tavalla tai toisella koko koulun tai oppilaitoksen henkil\u00f6kunta. Opinto-ohjaajalla on kuitenkin p\u00e4\u00e4vastuu ohjauksen suunnittelusta. Sit\u00e4 varten ohjaajan tulee tehd\u00e4 yhteisty\u00f6t\u00e4 koulun eri asiantuntijoiden kanssa sek\u00e4 oppilaiden ja heid\u00e4n kotiensa kanssa. Erityisopetuksessa pannaan t\u00e4yt\u00e4nt\u00f6\u00f6n niit\u00e4 suunnitelmia ja tavoitteita, joita oppilas on asettanut yhdess\u00e4 opinto-ohjaajan kanssa.<br \/>\nErityisohjaajan tulee osata l\u00f6yt\u00e4\u00e4 oppilaan vahvuudet ja motivoida h\u00e4nt\u00e4, asettaa h\u00e4nelle sopivia tavoitteita. Erityisopettaja taas on joka p\u00e4iv\u00e4 tekemisiss\u00e4 erityisoppilaiden kanssa. H\u00e4nen t\u00e4ytyy mukautua jokaisen oppilaan erityistarpeisiin: toisilla on \u00e4lyllisi\u00e4 vaikeuksia, toisilla fyysisi\u00e4 vammoja, joillakin taas emotionaalisia vaikeuksia. Siksi erityisopettajalla on t\u00e4h\u00e4n vaadittava koulutus. Jos h\u00e4n haluaa tulla erityisohjaajaksi, h\u00e4nen on suoritettava sit\u00e4 varten lis\u00e4opintoja.<\/p>\n<p>&nbsp;<\/p>\n<p>Biela<\/blockquote>\n","protected":false},"excerpt":{"rendered":"<p>&nbsp;<\/p>\n","protected":false},"author":1,"featured_media":0,"parent":0,"menu_order":0,"comment_status":"open","ping_status":"closed","template":"","meta":{"footnotes":""},"class_list":["post-7189","page","type-page","status-publish","hentry"],"_links":{"self":[{"href":"https:\/\/www.magdalenabiela.com\/index.php?rest_route=\/wp\/v2\/pages\/7189","targetHints":{"allow":["GET"]}}],"collection":[{"href":"https:\/\/www.magdalenabiela.com\/index.php?rest_route=\/wp\/v2\/pages"}],"about":[{"href":"https:\/\/www.magdalenabiela.com\/index.php?rest_route=\/wp\/v2\/types\/page"}],"author":[{"embeddable":true,"href":"https:\/\/www.magdalenabiela.com\/index.php?rest_route=\/wp\/v2\/users\/1"}],"replies":[{"embeddable":true,"href":"https:\/\/www.magdalenabiela.com\/index.php?rest_route=%2Fwp%2Fv2%2Fcomments&post=7189"}],"version-history":[{"count":3,"href":"https:\/\/www.magdalenabiela.com\/index.php?rest_route=\/wp\/v2\/pages\/7189\/revisions"}],"predecessor-version":[{"id":7224,"href":"https:\/\/www.magdalenabiela.com\/index.php?rest_route=\/wp\/v2\/pages\/7189\/revisions\/7224"}],"wp:attachment":[{"href":"https:\/\/www.magdalenabiela.com\/index.php?rest_route=%2Fwp%2Fv2%2Fmedia&parent=7189"}],"curies":[{"name":"wp","href":"https:\/\/api.w.org\/{rel}","templated":true}]}}