{"id":7184,"date":"2017-10-09T18:49:12","date_gmt":"2017-10-09T15:49:12","guid":{"rendered":"http:\/\/www.magdalenabiela.com\/?page_id=7184"},"modified":"2017-10-09T20:04:34","modified_gmt":"2017-10-09T17:04:34","slug":"suhteeni-erilaisuuteen-ja-tehtavani-opinto-ohjaajana","status":"publish","type":"page","link":"https:\/\/www.magdalenabiela.com\/?page_id=7184","title":{"rendered":"Suhteeni erilaisuuteen ja teht\u00e4v\u00e4ni opinto-ohjaajana"},"content":{"rendered":"[gallery link=\"file\" columns=\"1\" size=\"medium\" ids=\"7185\"]\n<p>&nbsp;<\/p>\n<blockquote class=\"sc-blockquote\">Suhteeni erilaisuuteen ja teht\u00e4v\u00e4ni opinto-ohjaajana<\/p>\n<p>&nbsp;<\/p>\n<p>Ty\u00f6skentelin 11 vuotta maahanmuuttajien parissa Riihim\u00e4en aikuislukion maahanmuuttajien peruskoulussa (2003-2014). Noiden vuosien aikana kohtasin ihmisi\u00e4 joka puolelta maailmaa, eri kansallisuuksia, uskontoja, ihonv\u00e4rej\u00e4, mentalitaatteja, el\u00e4m\u00e4nkokemuksia, erilaisia anatomisia koostumuksia. En vain kohdannut n\u00e4it\u00e4 ihmisi\u00e4, vaan ohjasin heit\u00e4, opetin heille suomea, autoin heit\u00e4 kotoutumaan yhteiskuntaan, autoin heit\u00e4 auttamaan itse\u00e4\u00e4n el\u00e4m\u00e4ss\u00e4. Minun silmiss\u00e4ni he eiv\u00e4t olleet erilaisia ihmisi\u00e4, vaan vain ihmisi\u00e4.<br \/>\nTarjosin ohjausta ja neuvontaa tasapuolisesti kaikille, sek\u00e4 maahanmuuttajille, pakolaisille ett\u00e4 paluumuuttajille, korkeasti koulutetuille ja lukutaidottomille, sek\u00e4 muodoltaan kauniille ett\u00e4 sodan runtelemille, niille, jotka rukoilivat pienell\u00e4 matolla keskip\u00e4iv\u00e4n aikaan ja niille, jotka tarvitsivat kirkkoa rukoillakseen. Noiden 11 vuoden aikana autoin sotaa paenneita ihmisi\u00e4 unohtamaan painajaisensa. Autoin afrikkalaisia ja aasialaisia ja muita etnisi\u00e4 ryhmi\u00e4 voittamaan kulttuurieroista johtuvia vaikeuksiaan. Minulle he kaikki olivat vain ihmisi\u00e4 niin kuin min\u00e4kin, ihmisi\u00e4, jotka tapasin, joihin tutustuin ja joita autoin yhden el\u00e4m\u00e4njakson ajan.<br \/>\nJokaisella asiakkaalla on omat erityispiirteens\u00e4, ominaisuuksia, jotka liittyv\u00e4t h\u00e4nen opiskelutapaansa, -tyyliins\u00e4 ja -rytmiins\u00e4. Ohjaajana en unohda, ett\u00e4 asiakkailla, joilla on erityistarpeita, on my\u00f6s kasvuun ja kehittymiseen liittyvi\u00e4 perustarpeita niin kuin kaikilla muillakin. He tarvitsevat v\u00e4litt\u00e4mist\u00e4 ja turvallisuutta, arvostusta ja kannustusta, itseluottamusta, vastuullisuutta ja itsen\u00e4isyytt\u00e4.<br \/>\nJos haluan olla hyv\u00e4 ohjaaja, minun pit\u00e4\u00e4 opettaa erityisasiakkailleni sellaisia el\u00e4m\u00e4ntaitoja, joiden avulla he voivat p\u00e4rj\u00e4t\u00e4 el\u00e4m\u00e4ss\u00e4 itsen\u00e4isesti. Ohjauksessa t\u00e4rke\u00e4mp\u00e4\u00e4 kuin tietojen jakaminen on ty\u00f6v\u00e4lineiden antaminen. Asiakkaille on annettava sellaisia psykologisia ja sosiaalisia taitoja ja valmiuksia, joita tarvitaan p\u00e4\u00e4t\u00f6ksenteossa ja sopeutumisessa nopeasti ja jatkuvasti muuttuvaan yhteiskuntaan. Heit\u00e4 pit\u00e4\u00e4 opettaa el\u00e4m\u00e4\u00e4n yhdess\u00e4 muiden kanssa, ehk\u00e4isem\u00e4\u00e4n ja ratkaisemaan ristiriitoja ja kunnioittamaan erilaisia ihmisi\u00e4, ottamaan vastuuta itsest\u00e4\u00e4n ja muista.<\/p>\n<p>&nbsp;<\/p>\n<p>Biela<\/blockquote>\n","protected":false},"excerpt":{"rendered":"<p>&nbsp;<\/p>\n","protected":false},"author":1,"featured_media":0,"parent":0,"menu_order":0,"comment_status":"open","ping_status":"closed","template":"","meta":{"footnotes":""},"class_list":["post-7184","page","type-page","status-publish","hentry"],"_links":{"self":[{"href":"https:\/\/www.magdalenabiela.com\/index.php?rest_route=\/wp\/v2\/pages\/7184","targetHints":{"allow":["GET"]}}],"collection":[{"href":"https:\/\/www.magdalenabiela.com\/index.php?rest_route=\/wp\/v2\/pages"}],"about":[{"href":"https:\/\/www.magdalenabiela.com\/index.php?rest_route=\/wp\/v2\/types\/page"}],"author":[{"embeddable":true,"href":"https:\/\/www.magdalenabiela.com\/index.php?rest_route=\/wp\/v2\/users\/1"}],"replies":[{"embeddable":true,"href":"https:\/\/www.magdalenabiela.com\/index.php?rest_route=%2Fwp%2Fv2%2Fcomments&post=7184"}],"version-history":[{"count":3,"href":"https:\/\/www.magdalenabiela.com\/index.php?rest_route=\/wp\/v2\/pages\/7184\/revisions"}],"predecessor-version":[{"id":7225,"href":"https:\/\/www.magdalenabiela.com\/index.php?rest_route=\/wp\/v2\/pages\/7184\/revisions\/7225"}],"wp:attachment":[{"href":"https:\/\/www.magdalenabiela.com\/index.php?rest_route=%2Fwp%2Fv2%2Fmedia&parent=7184"}],"curies":[{"name":"wp","href":"https:\/\/api.w.org\/{rel}","templated":true}]}}