{"id":7168,"date":"2017-10-09T18:13:20","date_gmt":"2017-10-09T15:13:20","guid":{"rendered":"http:\/\/www.magdalenabiela.com\/?page_id=7168"},"modified":"2017-10-09T20:08:35","modified_gmt":"2017-10-09T17:08:35","slug":"eettiset-kysymykset","status":"publish","type":"page","link":"https:\/\/www.magdalenabiela.com\/?page_id=7168","title":{"rendered":"EETTISET KYSYMYKSET"},"content":{"rendered":"<p><strong><blockquote class=\"sc-blockquote\">ITSEM\u00c4\u00c4R\u00c4\u00c4MISOIKEUS<\/strong><\/p>\n<p>Ohjaaja kunnioittaa ohjattavan itsem\u00e4\u00e4r\u00e4\u00e4misoikeutta.<\/p>\n<p>Ohjaaja tuo esille monipuolisesti vaihtoehtoja ohjattavan oman valinnan tueksi<strong>.<\/strong><\/p>\n<p><strong>\u00a0<\/strong><\/p>\n<p><strong>LUOTTAMUKSELLISUUS<\/strong><\/p>\n<p>Ohjaus on luottamuksellista. Mik\u00e4li ohjattavan edun kannalta on v\u00e4ltt\u00e4m\u00e4t\u00f6nt\u00e4, tietoja voidaan antaa viranomaisille, joilla on oikeus niit\u00e4 saada. Asiasta on ensin pyritt\u00e4v\u00e4 keskustelemaan ohjattavan kanssa. Luottamuksellisuus tulee s\u00e4ilytt\u00e4\u00e4 my\u00f6s uusissa ohjausymp\u00e4rist\u00f6iss\u00e4.<\/p>\n<p>&nbsp;<\/p>\n<p><strong>TOTUUDELLISUUS<\/strong><\/p>\n<p>Ohjaaja toimii rehellisesti. Ohjaustiedon tulee olla ajankohtaista, monipuolista ja tiedon kriittiseen arviointiin ohjaavaa.<\/p>\n<p>&nbsp;<\/p>\n<p><strong>RIIPPUMATTOMUUS<\/strong><\/p>\n<p>Ohjaaja tiedostaa omien, ty\u00f6yhteis\u00f6ns\u00e4 ja muun yhteiskunnan odotuksien ja arvojen vaikutukset ty\u00f6h\u00f6ns\u00e4. Ohjausmateriaalin tekij\u00e4 on tuotava esiin.<\/p>\n<p><strong>\u00a0<\/strong><\/p>\n<p><strong>AMMATTITAIDON KEHITT\u00c4MINEN<\/strong><\/p>\n<p>Ohjaaja arvioi ja kehitt\u00e4\u00e4 ty\u00f6t\u00e4\u00e4n. H\u00e4n huolehtii ammattitaitonsa yll\u00e4pit\u00e4misest\u00e4 ja t\u00e4ydennyskoulutuksestaan.<\/p>\n<p><strong>\u00a0<\/strong><\/p>\n<p><strong>YHTEISTY\u00d6<\/strong><\/p>\n<p>Ohjaaja toimii yhteisty\u00f6ss\u00e4 muiden ohjaajien kanssa. Ohjaajana toimiminen edellytt\u00e4\u00e4 yhteisty\u00f6t\u00e4 my\u00f6s oman ty\u00f6yhteis\u00f6n ja muun yhteiskunnan kanssa.<\/p>\n[gallery link=\"file\" columns=\"1\" size=\"medium\" ids=\"7169\"]\n<p>&nbsp;<\/p>\n<p>Biela<\/blockquote><\/p>\n","protected":false},"excerpt":{"rendered":"","protected":false},"author":1,"featured_media":0,"parent":0,"menu_order":0,"comment_status":"open","ping_status":"closed","template":"","meta":{"footnotes":""},"class_list":["post-7168","page","type-page","status-publish","hentry"],"_links":{"self":[{"href":"https:\/\/www.magdalenabiela.com\/index.php?rest_route=\/wp\/v2\/pages\/7168","targetHints":{"allow":["GET"]}}],"collection":[{"href":"https:\/\/www.magdalenabiela.com\/index.php?rest_route=\/wp\/v2\/pages"}],"about":[{"href":"https:\/\/www.magdalenabiela.com\/index.php?rest_route=\/wp\/v2\/types\/page"}],"author":[{"embeddable":true,"href":"https:\/\/www.magdalenabiela.com\/index.php?rest_route=\/wp\/v2\/users\/1"}],"replies":[{"embeddable":true,"href":"https:\/\/www.magdalenabiela.com\/index.php?rest_route=%2Fwp%2Fv2%2Fcomments&post=7168"}],"version-history":[{"count":3,"href":"https:\/\/www.magdalenabiela.com\/index.php?rest_route=\/wp\/v2\/pages\/7168\/revisions"}],"predecessor-version":[{"id":7229,"href":"https:\/\/www.magdalenabiela.com\/index.php?rest_route=\/wp\/v2\/pages\/7168\/revisions\/7229"}],"wp:attachment":[{"href":"https:\/\/www.magdalenabiela.com\/index.php?rest_route=%2Fwp%2Fv2%2Fmedia&parent=7168"}],"curies":[{"name":"wp","href":"https:\/\/api.w.org\/{rel}","templated":true}]}}