{"id":7157,"date":"2017-10-09T18:10:29","date_gmt":"2017-10-09T15:10:29","guid":{"rendered":"http:\/\/www.magdalenabiela.com\/?page_id=7157"},"modified":"2017-10-09T20:11:54","modified_gmt":"2017-10-09T17:11:54","slug":"oma-opiskeluorientaatio","status":"publish","type":"page","link":"https:\/\/www.magdalenabiela.com\/?page_id=7157","title":{"rendered":"Oma opiskeluorientaatio"},"content":{"rendered":"<blockquote class=\"sc-blockquote\">Oma opiskeluorientaatio<\/p>\n<p>&nbsp;<\/p>\n<p>Nosce te ipsum. Ymm\u00e4rt\u00e4\u00e4kseen muita on ensin tunnettava itsens\u00e4.<br \/>\nNuoruudessani ei ollut mahdollisuutta kapinaan tai terapiaan: otin el\u00e4m\u00e4n vastaan sellaisena kuin se annettiin, valittamatta.<\/p>\n<p>Kirjojen maailma oli pakopaikkani, se oli itse luomani maailma, joka noudatti minun laatimiani s\u00e4\u00e4nt\u00f6j\u00e4, minun m\u00e4\u00e4rittelemi\u00e4ni oikeuksia ja velvollisuuksia, moraalis\u00e4\u00e4nt\u00f6j\u00e4, joista on tullut minulle tunnusomaisia koko el\u00e4m\u00e4ni ajaksi.<br \/>\nSiksi halusin opettajaksi, opastajaksi, mielten ja persoonallisuuksien muovaajaksi, koska todellista maailmaa pit\u00e4\u00e4 muuttaa ja min\u00e4 tiesin, ett\u00e4 voin painaa siihen oman leimani, osallistua paremman maailman rakentamiseen.<\/p>\n<p>Yliopiston suorittaminen, teht\u00e4vien ja gradun tekeminen kynttil\u00e4nvalossa, on varmasti sellainen osa ammatillista el\u00e4m\u00e4\u00e4ni, joka vahvisti minua, antoi minulle rohkeutta ja siivet, joilla lent\u00e4\u00e4.<\/p>\n<p>Miksi sitten haluan suorittaa ohjaajan opinnot? Koska haluan saada todistuksen ja l\u00f6yt\u00e4\u00e4 t\u00f6it\u00e4. Haluan nimenomaan todistuksen, koska ohjaaja olen ollut kaikkina ty\u00f6vuosinani sek\u00e4 Romaniassa, lukionopettajana ja luokanvalvojana, ett\u00e4 Suomessa, maahanmuuttajien koordinaattorina ja opettajana. En ole ylimielinen, mutta olen kuitenkin sit\u00e4 mielt\u00e4, ett\u00e4 el\u00e4m\u00e4 itse on paras ohjaaja. Haluan valmistua ohjaajaksi, koska tied\u00e4n, ett\u00e4 minulla on viel\u00e4 paljon teht\u00e4v\u00e4\u00e4 t\u00e4ss\u00e4 el\u00e4m\u00e4ss\u00e4, paljon ihmisi\u00e4, joihin tutustua ja joiden el\u00e4m\u00e4\u00e4n vaikuttaa.<\/p>\n<p>Vahvuuksistani voisin sanoa, ett\u00e4 olen k\u00e4rsiv\u00e4llinen, olen taitava kuuntelija, ylit\u00e4n jokaisen esteen antamatta periksi, minulla on vahva moraali ja oikeudentaju, olen vilpit\u00f6n, voin ymm\u00e4rt\u00e4\u00e4 ihmisi\u00e4 ennakkoluulottomasti ja tuomitsematta.<\/p>\n<p>[gallery link=\"file\" columns=\"1\" size=\"medium\" ids=\"7158,7159\"]<\/p>\n<p>&nbsp;<\/p>\n<p>&nbsp;<\/p>\n<p>Biela<\/blockquote>\n","protected":false},"excerpt":{"rendered":"","protected":false},"author":1,"featured_media":0,"parent":0,"menu_order":0,"comment_status":"open","ping_status":"closed","template":"","meta":{"footnotes":""},"class_list":["post-7157","page","type-page","status-publish","hentry"],"_links":{"self":[{"href":"https:\/\/www.magdalenabiela.com\/index.php?rest_route=\/wp\/v2\/pages\/7157","targetHints":{"allow":["GET"]}}],"collection":[{"href":"https:\/\/www.magdalenabiela.com\/index.php?rest_route=\/wp\/v2\/pages"}],"about":[{"href":"https:\/\/www.magdalenabiela.com\/index.php?rest_route=\/wp\/v2\/types\/page"}],"author":[{"embeddable":true,"href":"https:\/\/www.magdalenabiela.com\/index.php?rest_route=\/wp\/v2\/users\/1"}],"replies":[{"embeddable":true,"href":"https:\/\/www.magdalenabiela.com\/index.php?rest_route=%2Fwp%2Fv2%2Fcomments&post=7157"}],"version-history":[{"count":3,"href":"https:\/\/www.magdalenabiela.com\/index.php?rest_route=\/wp\/v2\/pages\/7157\/revisions"}],"predecessor-version":[{"id":7161,"href":"https:\/\/www.magdalenabiela.com\/index.php?rest_route=\/wp\/v2\/pages\/7157\/revisions\/7161"}],"wp:attachment":[{"href":"https:\/\/www.magdalenabiela.com\/index.php?rest_route=%2Fwp%2Fv2%2Fmedia&parent=7157"}],"curies":[{"name":"wp","href":"https:\/\/api.w.org\/{rel}","templated":true}]}}