{"id":7141,"date":"2017-10-09T18:02:42","date_gmt":"2017-10-09T15:02:42","guid":{"rendered":"http:\/\/www.magdalenabiela.com\/?page_id=7141"},"modified":"2017-10-09T20:22:40","modified_gmt":"2017-10-09T17:22:40","slug":"kulttuuritietoinen-ja-kansainvalistyva-ohjaus","status":"publish","type":"page","link":"https:\/\/www.magdalenabiela.com\/?page_id=7141","title":{"rendered":"Kulttuuritietoinen ja kansainv\u00e4listyv\u00e4 ohjaus"},"content":{"rendered":"<blockquote class=\"sc-blockquote\">Kulttuuritietoinen ja kansainv\u00e4listyv\u00e4 ohjaus<\/p>\n<p>&nbsp;<\/p>\n<p>Maahanmuuttajien peruskoulu on aikuisille maahanmuuttajille tarkoitettu koulutus. \u201dOdotushuone\u201d on erityisluokka, jonka tarkoituksena on valmentaa t\u00e4ysin kielitaidotonta maahanmuuttajaa siten, ett\u00e4 h\u00e4nen kielitaitonsa riitt\u00e4\u00e4 suomenkielisen kouluopetuksen seuraamiseen. \u201dOdotushuoneen\u201d toiminnasta vastaa maahanmuuttajakoordinaattori. Kokemus on osoittanut, ett\u00e4 \u201dodotushuone\u201d on toimiva ratkaisu miss\u00e4 tahansa oppilaitoksessa, jossa koulutetaan maahanmuuttajia. On huomattu, ett\u00e4 ne opiskelijat, joita on valmennettu \u201dodotushuoneessa\u201d ovat saavuttaneet huomattavasti parempia tuloksia eri kouluissa kuin ne, jotka ovat Suomeen tultuaan heti aloittaneet koulun suomeksi. \u201dOdotushuoneesta\u201d tulleille kielen opiskelu on ollut paljon helpompaa ja syvemp\u00e4\u00e4. Siksi he my\u00f6s kotoutuvat yhteiskuntaan nopeammin. Maahanmuuttajat hakeutuvat opetukseen yksitellen lukuvuoden aikana. Opetussuunnitelman mukaan etenev\u00e4\u00e4n l\u00e4hiopetusryhm\u00e4\u00e4n voidaan kuitenkin ottaa opiskelijoita p\u00e4\u00e4s\u00e4\u00e4nt\u00f6isesti vain lukuvuoden alussa, koska opetus etenee lukuj\u00e4rjestyksen mukaan. Maahanmuuttaja voidaan ottaa \u201dodotushuoneeseen\u201d kuitenkin heti, eik\u00e4 tarpeettomia viiv\u00e4stymisi\u00e4 opetuksen aloittamisessa n\u00e4in ole.<br \/>\nOdotushuoneessa opitaan suomen kielen alkeita, asioimistaitoja eri viranomaisten kanssa jne. Tavoitteena on v\u00e4litt\u00f6m\u00e4sti ja joustavasti ottaa maahanmuuttaja kotoutumista edist\u00e4v\u00e4\u00e4n toimintaan. Maahanmuuttajat saavat n\u00e4in mahdollisuuden aloittaa kotoutumisen jo ennen kuin he ovat saaneet virallisen statuksen Maahanmuuttovirastosta, Kelasta ja te-toimistosta.<br \/>\nLuku- ja kirjoitustaidottomat maahanmuuttajat voivat heti aloittaa luku- ja kirjoitustaidon opettelun suomeksi. Suomen kielt\u00e4 opettaviin kouluihin tai suomen kielen kursseille vaaditaan yleens\u00e4 p\u00e4\u00e4sykoe. Odotushuoneessa p\u00e4\u00e4sykoetta ei kuitenkaan ole, vaan tunneille voi osallistua heti. Vaatimuksena on vain s\u00e4\u00e4nn\u00f6llinen osallistuminen ja halu oppia suomen kielt\u00e4.<br \/>\nEnsi askeleet Suomessa ovat maahanmuuttajalle t\u00e4rkeit\u00e4 kotoutumisen, ty\u00f6paikan l\u00f6yt\u00e4misen ja suomen kielen opiskelun kannalta. Kokemus ty\u00f6st\u00e4 maahanmuuttajien parissa on osoittanut, ett\u00e4 n. 95% maahanmuuttajista, jotka ovat asuneet kolme vuotta suomessa, eiv\u00e4t ymm\u00e4rr\u00e4 heit\u00e4 koskevia viranomaisp\u00e4\u00e4t\u00f6ksi\u00e4. He eiv\u00e4t ymm\u00e4rr\u00e4, miksi jotkut p\u00e4\u00e4t\u00f6kset vaikuttavat ristiriitaisilta eri kunnissa, kaupungeissa ja kouluissa. Ensimm\u00e4inen kosketus Suomeen on maahanmuuttajalle kaikkein t\u00e4rkein, koska h\u00e4nen t\u00e4ytyy oppia tuntemaan velvollisuutensa ja oikeutensa. Tiet\u00e4m\u00e4tt\u00f6myys aiheuttaa monia virheit\u00e4. Ty\u00f6- ja elinkeinotoimistot ja Kela eiv\u00e4t kerro maahanmuuttajalle riitt\u00e4v\u00e4n selv\u00e4sti, mit\u00e4 h\u00e4nen tulee Suomen lakien mukaan tehd\u00e4 tai mit\u00e4 h\u00e4nen ei tule tehd\u00e4. Maahanmuuttaja voi t\u00e4ll\u00f6in ymm\u00e4rt\u00e4\u00e4 asiat omalla tavallaan, ja t\u00e4st\u00e4 voi seurata hankaluuksia.<br \/>\nOdotushuone-ryhm\u00e4st\u00e4 vastaa maahanmuuttajakoordinaattori, joka toimii ryhm\u00e4n opettajana sek\u00e4 antaa opiskelijoille ohjausta ja neuvontaa. H\u00e4nen toimintansa on ensiarvoisen t\u00e4rke\u00e4\u00e4. H\u00e4n keskustelee opiskelijoiden kanssa s\u00e4\u00e4nn\u00f6llisesti kahden kesken, j\u00e4rjest\u00e4\u00e4 erilaisia vierailuja ja tutustumisk\u00e4yntej\u00e4. Niit\u00e4 voidaan j\u00e4rjest\u00e4\u00e4 ty\u00f6paikoille ja ty\u00f6el\u00e4m\u00e4messuille. Maahanmuuttajakoordinaattori voi selitt\u00e4\u00e4 opiskelijoille perusasiat ty\u00f6nhausta, ty\u00f6harjoittelusta ja ty\u00f6nteosta Suomessa. H\u00e4n kertoo my\u00f6s n\u00e4ihin liittyvist\u00e4 oikeuksista ja velvollisuuksista. Oppitunnin ja yhteisen keskustelun j\u00e4lkeen opiskelijoilla on my\u00f6s mahdollisuus henkil\u00f6kohtaiseen ohjaukseen ja neuvontaan. He saavat koulutustaustaansa ja suomen kielen taitotasoonsa sopivia vastauksia ty\u00f6nhakuun tai harjoitteluun liittyviin kysymyksiins\u00e4.<br \/>\nKun maahanmuuttajalle selvitet\u00e4\u00e4n heti alusta perusteellisesti, mit\u00e4 opiskelu- ja ty\u00f6skentelymahdollisuuksia h\u00e4nell\u00e4 on Suomessa, kotoutuminen sujuu huomattavasti nopeammin kuin muutoin. H\u00e4nen \u201dodotushuoneessa\u201d saamansa tuki ja ohjaus on ratkaisevan t\u00e4rke\u00e4\u00e4, koska sen avulla rakennetaan perusta tulevalle Suomen kansalaiselle.\u00a0 \u201dOdotushuoneessa\u201d maahanmuuttaja saa tukea ja ohjausta, niin ett\u00e4 h\u00e4nest\u00e4 kasvaa vastuullinen kansalainen, joka tuntee suomalaisen yhteiskunnan ja sen lait. \u201dOdotushuoneesta\u201d saamansa tuen ja ohjauksen avulla maahanmuuttaja saa tarvitsemansa valmiudet jatkaa kotoutumisprosessiaan suomalaiseen yhteiskuntaan ja ty\u00f6el\u00e4m\u00e4\u00e4n parhain mahdollisin tuloksin.<br \/>\nKaikilla maahanmuuttajilla, riippumatta siit\u00e4, millaisen koulutuksen ja sivistyksen he ovat saaneet l\u00e4ht\u00f6maassaan, on Suomeen tullessaan yksi yhdist\u00e4v\u00e4 tekij\u00e4: kukaan ei osaa suomea, kaikki ovat nollatasolla. Kun maahanmuuttajat sitten ovat saaneet jonkin verran ohjausta ja tukea, he alkavat erottua toisistaan: l\u00e4ht\u00f6maassaan korkeasti koulutetuilla on omat erityistarpeensa, nuoria taas t\u00e4ytyy ohjata jatko-opintoihin lukioon tai ammatilliseen koulutukseen. Pakolaiset tarvitsevat enemm\u00e4n tukea ja huomiota voidakseen kotoutua tehokkaasti ja nopeasti.<\/p>\n<p>&nbsp;<\/p>\n<p>&nbsp;<\/p>\n<p>Biela<\/blockquote>\n","protected":false},"excerpt":{"rendered":"","protected":false},"author":1,"featured_media":0,"parent":0,"menu_order":0,"comment_status":"open","ping_status":"closed","template":"","meta":{"footnotes":""},"class_list":["post-7141","page","type-page","status-publish","hentry"],"_links":{"self":[{"href":"https:\/\/www.magdalenabiela.com\/index.php?rest_route=\/wp\/v2\/pages\/7141","targetHints":{"allow":["GET"]}}],"collection":[{"href":"https:\/\/www.magdalenabiela.com\/index.php?rest_route=\/wp\/v2\/pages"}],"about":[{"href":"https:\/\/www.magdalenabiela.com\/index.php?rest_route=\/wp\/v2\/types\/page"}],"author":[{"embeddable":true,"href":"https:\/\/www.magdalenabiela.com\/index.php?rest_route=\/wp\/v2\/users\/1"}],"replies":[{"embeddable":true,"href":"https:\/\/www.magdalenabiela.com\/index.php?rest_route=%2Fwp%2Fv2%2Fcomments&post=7141"}],"version-history":[{"count":3,"href":"https:\/\/www.magdalenabiela.com\/index.php?rest_route=\/wp\/v2\/pages\/7141\/revisions"}],"predecessor-version":[{"id":7243,"href":"https:\/\/www.magdalenabiela.com\/index.php?rest_route=\/wp\/v2\/pages\/7141\/revisions\/7243"}],"wp:attachment":[{"href":"https:\/\/www.magdalenabiela.com\/index.php?rest_route=%2Fwp%2Fv2%2Fmedia&parent=7141"}],"curies":[{"name":"wp","href":"https:\/\/api.w.org\/{rel}","templated":true}]}}