{"id":7136,"date":"2017-10-09T17:59:11","date_gmt":"2017-10-09T14:59:11","guid":{"rendered":"http:\/\/www.magdalenabiela.com\/?page_id=7136"},"modified":"2017-10-09T20:15:49","modified_gmt":"2017-10-09T17:15:49","slug":"kayttoteoriani-se-miten-mina-ohjaan","status":"publish","type":"page","link":"https:\/\/www.magdalenabiela.com\/?page_id=7136","title":{"rendered":"K\u00e4ytt\u00f6teoriani \u2013 se miten min\u00e4 ohjaan"},"content":{"rendered":"<blockquote class=\"sc-blockquote\">K\u00e4ytt\u00f6teoriani \u2013 se miten min\u00e4 ohjaan<\/p>\n<p>&nbsp;<\/p>\n<p>Minulle ohjauksessa t\u00e4rkeimm\u00e4t arvot ja periaatteet ovat rehellisyys, inhimillisyys, luottamus, vaihtoehtojen antaminen, kuuntelu ja ymm\u00e4rt\u00e4minen, ohjattavan itsetuntemuksen tukeminen, ratkaisujen tekemisen tukeminen ohjauksessa ja ohjauksen neutraliteetti.<br \/>\nOhjaajan tulee kohdella ohjattaviaan puolueettomasti ja tasapuolisesti, eiv\u00e4tk\u00e4 henkil\u00f6kohtaiset asenteet ja mieltymykset saa vaikuttaa ohjaukseen.<br \/>\nOmat arvot ja mielipiteet voi kyll\u00e4 kertoa, mutta ne eiv\u00e4t saa n\u00e4ky\u00e4 liikaa ohjauksessa.<br \/>\nK\u00e4ytt\u00f6teoriani on kognitiivinen, ratkaisukeskeinen, sosiodynaaminen ja psykodynaaminen.<br \/>\nAjattelen, ett\u00e4 huumori ja luovuus saavat aikaan mahdollisuuksia dialogiin ja monologiin, ne auttavat itsetuntemuksessa ja antavat toiselle mahdollisuuden tutustua meihin.<br \/>\nHyvin t\u00e4rke\u00e4\u00e4 ohjaustavassani on keskustelu, syv\u00e4 luottamus, kyky saada ihminen tuntemaan, ett\u00e4 h\u00e4nen ongelmansa ovat t\u00e4rke\u00e4mpi\u00e4 kuin omani, ett\u00e4 olen ohjauksen aikana olemassa ainoastaan h\u00e4nt\u00e4 varten.<br \/>\nToisin sanoen, et voi ohjata tuulta, mutta voit aina s\u00e4\u00e4t\u00e4\u00e4 purjeen.<\/p>\n<p>[gallery link=\"file\" columns=\"1\" size=\"full\" ids=\"7137\"]<\/p>\n<p>&nbsp;<\/p>\n<p>&nbsp;<\/p>\n<p>&nbsp;<\/p>\n<p>Biela<\/blockquote>\n","protected":false},"excerpt":{"rendered":"","protected":false},"author":1,"featured_media":0,"parent":0,"menu_order":0,"comment_status":"open","ping_status":"closed","template":"","meta":{"footnotes":""},"class_list":["post-7136","page","type-page","status-publish","hentry"],"_links":{"self":[{"href":"https:\/\/www.magdalenabiela.com\/index.php?rest_route=\/wp\/v2\/pages\/7136","targetHints":{"allow":["GET"]}}],"collection":[{"href":"https:\/\/www.magdalenabiela.com\/index.php?rest_route=\/wp\/v2\/pages"}],"about":[{"href":"https:\/\/www.magdalenabiela.com\/index.php?rest_route=\/wp\/v2\/types\/page"}],"author":[{"embeddable":true,"href":"https:\/\/www.magdalenabiela.com\/index.php?rest_route=\/wp\/v2\/users\/1"}],"replies":[{"embeddable":true,"href":"https:\/\/www.magdalenabiela.com\/index.php?rest_route=%2Fwp%2Fv2%2Fcomments&post=7136"}],"version-history":[{"count":4,"href":"https:\/\/www.magdalenabiela.com\/index.php?rest_route=\/wp\/v2\/pages\/7136\/revisions"}],"predecessor-version":[{"id":7236,"href":"https:\/\/www.magdalenabiela.com\/index.php?rest_route=\/wp\/v2\/pages\/7136\/revisions\/7236"}],"wp:attachment":[{"href":"https:\/\/www.magdalenabiela.com\/index.php?rest_route=%2Fwp%2Fv2%2Fmedia&parent=7136"}],"curies":[{"name":"wp","href":"https:\/\/api.w.org\/{rel}","templated":true}]}}