{"id":7131,"date":"2017-10-09T17:55:55","date_gmt":"2017-10-09T14:55:55","guid":{"rendered":"http:\/\/www.magdalenabiela.com\/?page_id=7131"},"modified":"2017-10-09T19:49:30","modified_gmt":"2017-10-09T16:49:30","slug":"elamani-viiva","status":"publish","type":"page","link":"https:\/\/www.magdalenabiela.com\/?page_id=7131","title":{"rendered":"El\u00e4m\u00e4ni \u201dviiva\u201d"},"content":{"rendered":"<p><strong><blockquote class=\"sc-blockquote\">El\u00e4m\u00e4\u00e4ni my\u00f6nteisesti vaikuttaneita tapahtumia:<\/strong><\/p>\n<p>&#8211; Yliopistoon p\u00e4\u00e4sy Romaniassa.<\/p>\n<p>&#8211; Lukionopettajan t\u00e4ysp\u00e4tevyyskokeen suorittaminen.<\/p>\n<p>&#8211; Ty\u00f6skentely opettajana Romaniassa<\/p>\n<p>&#8211; Muutto Suomeen.<\/p>\n<p>&#8211; Suomen kielen oppiminen.<\/p>\n<p>&#8211; Ty\u00f6paikan saaminen Suomessa. Ty\u00f6skentely maahanmuuttajien parissa 11 vuotta.<\/p>\n<p>&#8211; Opintojen aloittaminen JAMK:issa<\/p>\n<p><strong>El\u00e4m\u00e4\u00e4ni my\u00f6nteisesti vaikuttaneita ihmisi\u00e4:<\/strong><\/p>\n<p>&#8211; Romaniassa opettajat lukiossa ja yliopistossa, varsinkin kieltenopettajat, pedagogian ja psykologian opettajat.<\/p>\n<p>&#8211; Suomessa suomen kielen opettajat, ty\u00f6toverit, kaikki maahanmuuttajaopiskelijat 11 ty\u00f6vuoden aikana.<\/p>\n<p>T\u00e4rkeint\u00e4 el\u00e4m\u00e4ss\u00e4ni on ollut ty\u00f6skentely opettajana, ihmisten parissa.<\/p>\n<p><strong>T\u00e4rkeit\u00e4 valintoja el\u00e4m\u00e4ss\u00e4ni:<\/strong><\/p>\n<p>&#8211; pedagogin ammatin valinta, opettajan ura.\u00a0 Syit\u00e4 valintaani ovat rakkaus ihmisiin, halu kasvattaa ja opettaa heit\u00e4, rakkaus lapsia kohtaan, usko siihen, ett\u00e4 heiss\u00e4 on tulevaisuus.<\/p>\n<p><strong>El\u00e4m\u00e4\u00e4ni vaikuttaneita kielteisi\u00e4 asioita, vaikeuksia:<br \/>\n<\/strong><\/p>\n<p>&#8211; Romaniassa olin k\u00f6yh\u00e4 lapsi, lukiolainen ja yliopiston opiskelija. Joskus ei ollut edes ruokaa. Peruskoulussa ja lukiossa tein kotiteht\u00e4vi\u00e4 ja yliopistoaikana gradua kynttil\u00e4nvalossa.<\/p>\n<p>&#8211; Kommunismin asettamat rajoitukset ja ihmisarvon polkeminen.<\/p>\n<p>&#8211; Voitin n\u00e4m\u00e4 vaikeudet lukemalla ja opiskelemalla, vet\u00e4ytym\u00e4ll\u00e4 kirjojen maailmaan. Tuo maailma oli minulle todellisempi kuin todellinen maailma. Voitin vaikeuteni sinnikkyydell\u00e4 ja per\u00e4\u00e4nantamattomuudella.<br \/>\n&#8211; Romania oli ja on korruptoitunut maa, varsinkin opetusalalla (sen takia muutin Suomeen).<\/p>\n<p>&#8211; Suomessa menetin ty\u00f6paikkani 11 vuoden j\u00e4lkeen. Siksi tulin opiskelemaan JAMK:iin.<\/p>\n<p>&nbsp;<\/p>\n<p>On helppo huomata, ett\u00e4 el\u00e4m\u00e4ni keskittyy ainoastaan ty\u00f6uraan, opettajanty\u00f6h\u00f6n. T\u00e4rkeint\u00e4 minulle on saada vaikuttaa nuorin ihmisiin, muovata heid\u00e4n luonnettaan, koska heiss\u00e4 on tulevaisuus parempaa mailmaa varten.<\/p>\n<p>&nbsp;<\/p>\n<p>Biela<\/blockquote><\/p>\n","protected":false},"excerpt":{"rendered":"","protected":false},"author":1,"featured_media":0,"parent":0,"menu_order":0,"comment_status":"open","ping_status":"closed","template":"","meta":{"footnotes":""},"class_list":["post-7131","page","type-page","status-publish","hentry"],"_links":{"self":[{"href":"https:\/\/www.magdalenabiela.com\/index.php?rest_route=\/wp\/v2\/pages\/7131","targetHints":{"allow":["GET"]}}],"collection":[{"href":"https:\/\/www.magdalenabiela.com\/index.php?rest_route=\/wp\/v2\/pages"}],"about":[{"href":"https:\/\/www.magdalenabiela.com\/index.php?rest_route=\/wp\/v2\/types\/page"}],"author":[{"embeddable":true,"href":"https:\/\/www.magdalenabiela.com\/index.php?rest_route=\/wp\/v2\/users\/1"}],"replies":[{"embeddable":true,"href":"https:\/\/www.magdalenabiela.com\/index.php?rest_route=%2Fwp%2Fv2%2Fcomments&post=7131"}],"version-history":[{"count":2,"href":"https:\/\/www.magdalenabiela.com\/index.php?rest_route=\/wp\/v2\/pages\/7131\/revisions"}],"predecessor-version":[{"id":7212,"href":"https:\/\/www.magdalenabiela.com\/index.php?rest_route=\/wp\/v2\/pages\/7131\/revisions\/7212"}],"wp:attachment":[{"href":"https:\/\/www.magdalenabiela.com\/index.php?rest_route=%2Fwp%2Fv2%2Fmedia&parent=7131"}],"curies":[{"name":"wp","href":"https:\/\/api.w.org\/{rel}","templated":true}]}}