{"id":7127,"date":"2017-10-09T17:52:44","date_gmt":"2017-10-09T14:52:44","guid":{"rendered":"http:\/\/www.magdalenabiela.com\/?page_id=7127"},"modified":"2017-10-09T19:50:59","modified_gmt":"2017-10-09T16:50:59","slug":"elamankenttani","status":"publish","type":"page","link":"https:\/\/www.magdalenabiela.com\/?page_id=7127","title":{"rendered":"El\u00e4m\u00e4nkentt\u00e4ni"},"content":{"rendered":"<blockquote class=\"sc-blockquote\">El\u00e4m\u00e4nkentt\u00e4ni<\/p>\n<p>&nbsp;<\/p>\n<p>Aina kun minun pit\u00e4\u00e4 puhua itsest\u00e4ni, siit\u00e4, mik\u00e4 m\u00e4\u00e4ritt\u00e4\u00e4 minua, puhun aina itsest\u00e4ni opettajana ja valitsemastani urasta<br \/>\nOlen syrj\u00e4\u00e4nvet\u00e4ytyv\u00e4 ihminen, hiljainen, ujo. Rakastan el\u00e4imi\u00e4 ja lapsia, olen yleens\u00e4 ihmisarka, el\u00e4n itse luomassani maailmassa, jossa kukaan ei valehtele minulle, kukaan ei haavoita minua. Olen mutkaton ja herkk\u00e4 ihminen, hermostoni on eritt\u00e4in horjuva.<br \/>\nRyhdyin opettajaksi my\u00f6s pakottaakseni itseni tulemaan ulos itsest\u00e4ni, ollakseni sosiaalinen, esitt\u00e4\u00e4kseni useita rooleja. Olen erityisen lahjakas teatterin alalla, voin esitt\u00e4\u00e4 mit\u00e4 tahansa roolia, kunhan vain en haavoita ket\u00e4\u00e4n.<br \/>\nAinoa, joka on aina ymm\u00e4rt\u00e4nyt minua ja kummallisuuksiani, on is\u00e4ni. Me olemme hyvin samanlaisia sek\u00e4 ulkon\u00e4\u00f6lt\u00e4mme ett\u00e4 luonteeltamme. H\u00e4n on 80-vuotias ja minua pelottaa ajatus, ett\u00e4 menet\u00e4n h\u00e4net.<br \/>\nH\u00e4nelt\u00e4 olen perinyt\u00a0 rakkauden taiteeseen, varsinkin runouteen. Lapsuuteni kantaa is\u00e4ni leimaa.<br \/>\nMenneisyydest\u00e4 en puhu mielell\u00e4ni: se on kuin minulla olisi yhdess\u00e4\u00a0 korvassa kultainen korvakoru, toisessa rihkamakoru. El\u00e4m\u00e4ni ei ole ollut kaikkein onnellisin, mutta en kuitenkaan valita: jokainen este, jonka se on asettanut, on tehnyt minusta vahvemman. Tulevaisuuden suhteen olen optimistinen: toivon l\u00f6yt\u00e4v\u00e4ni ty\u00f6paikan, jossa minua tarvitaan, jossa olen taas olemassa oppilaiden keskell\u00e4.<br \/>\nVapaa-aikanani otan mielell\u00e4ni valokuvia ihmisist\u00e4, el\u00e4m\u00e4\u00e4 sen eri muodoissa. Kirjoitan, luen ja k\u00e4\u00e4nn\u00e4n runoja. El\u00e4m\u00e4ni on helppo m\u00e4\u00e4ritell\u00e4: olen opettaja, vaimo, \u00e4iti niille, jotka tarvitsevat minua, kirjailija, jota lukevat vain yst\u00e4v\u00e4ni.<br \/>\nMinulla ei ole aineellista omaisuutta, minulla ei ole mit\u00e4\u00e4n muuta kuin kirjoja ja se, mik\u00e4 minulla on mieless\u00e4ni ja syd\u00e4mess\u00e4ni: omnia mea mecum porto.<\/p>\n<p>&nbsp;<\/p>\n<p>Biela<\/blockquote>\n","protected":false},"excerpt":{"rendered":"","protected":false},"author":1,"featured_media":0,"parent":0,"menu_order":0,"comment_status":"open","ping_status":"closed","template":"","meta":{"footnotes":""},"class_list":["post-7127","page","type-page","status-publish","hentry"],"_links":{"self":[{"href":"https:\/\/www.magdalenabiela.com\/index.php?rest_route=\/wp\/v2\/pages\/7127","targetHints":{"allow":["GET"]}}],"collection":[{"href":"https:\/\/www.magdalenabiela.com\/index.php?rest_route=\/wp\/v2\/pages"}],"about":[{"href":"https:\/\/www.magdalenabiela.com\/index.php?rest_route=\/wp\/v2\/types\/page"}],"author":[{"embeddable":true,"href":"https:\/\/www.magdalenabiela.com\/index.php?rest_route=\/wp\/v2\/users\/1"}],"replies":[{"embeddable":true,"href":"https:\/\/www.magdalenabiela.com\/index.php?rest_route=%2Fwp%2Fv2%2Fcomments&post=7127"}],"version-history":[{"count":3,"href":"https:\/\/www.magdalenabiela.com\/index.php?rest_route=\/wp\/v2\/pages\/7127\/revisions"}],"predecessor-version":[{"id":7214,"href":"https:\/\/www.magdalenabiela.com\/index.php?rest_route=\/wp\/v2\/pages\/7127\/revisions\/7214"}],"wp:attachment":[{"href":"https:\/\/www.magdalenabiela.com\/index.php?rest_route=%2Fwp%2Fv2%2Fmedia&parent=7127"}],"curies":[{"name":"wp","href":"https:\/\/api.w.org\/{rel}","templated":true}]}}