{"id":7112,"date":"2017-10-07T17:13:32","date_gmt":"2017-10-07T14:13:32","guid":{"rendered":"http:\/\/www.magdalenabiela.com\/?page_id=7112"},"modified":"2017-10-07T17:13:32","modified_gmt":"2017-10-07T14:13:32","slug":"eraan-opon-paivakirja","status":"publish","type":"page","link":"https:\/\/www.magdalenabiela.com\/?page_id=7112","title":{"rendered":"Er\u00e4\u00e4n Opon p\u00e4iv\u00e4kirja"},"content":{"rendered":"<p><a href=\"http:\/\/www.magdalenabiela.com\/wp-content\/uploads\/2017\/10\/Eraan_Opon_paivakirja.doc\">Eraan_Opon_paivakirja<\/a><\/p>\n","protected":false},"excerpt":{"rendered":"<p>Eraan_Opon_paivakirja<\/p>\n","protected":false},"author":1,"featured_media":0,"parent":0,"menu_order":0,"comment_status":"open","ping_status":"closed","template":"","meta":{"footnotes":""},"class_list":["post-7112","page","type-page","status-publish","hentry"],"_links":{"self":[{"href":"https:\/\/www.magdalenabiela.com\/index.php?rest_route=\/wp\/v2\/pages\/7112","targetHints":{"allow":["GET"]}}],"collection":[{"href":"https:\/\/www.magdalenabiela.com\/index.php?rest_route=\/wp\/v2\/pages"}],"about":[{"href":"https:\/\/www.magdalenabiela.com\/index.php?rest_route=\/wp\/v2\/types\/page"}],"author":[{"embeddable":true,"href":"https:\/\/www.magdalenabiela.com\/index.php?rest_route=\/wp\/v2\/users\/1"}],"replies":[{"embeddable":true,"href":"https:\/\/www.magdalenabiela.com\/index.php?rest_route=%2Fwp%2Fv2%2Fcomments&post=7112"}],"version-history":[{"count":2,"href":"https:\/\/www.magdalenabiela.com\/index.php?rest_route=\/wp\/v2\/pages\/7112\/revisions"}],"predecessor-version":[{"id":7115,"href":"https:\/\/www.magdalenabiela.com\/index.php?rest_route=\/wp\/v2\/pages\/7112\/revisions\/7115"}],"wp:attachment":[{"href":"https:\/\/www.magdalenabiela.com\/index.php?rest_route=%2Fwp%2Fv2%2Fmedia&parent=7112"}],"curies":[{"name":"wp","href":"https:\/\/api.w.org\/{rel}","templated":true}]}}