{"id":6922,"date":"2017-09-02T18:44:58","date_gmt":"2017-09-02T15:44:58","guid":{"rendered":"http:\/\/www.magdalenabiela.com\/?page_id=6922"},"modified":"2021-11-07T17:59:25","modified_gmt":"2021-11-07T15:59:25","slug":"autumn","status":"publish","type":"page","link":"https:\/\/www.magdalenabiela.com\/?page_id=6922","title":{"rendered":"Mariana Marin"},"content":{"rendered":"<div class='pfpItem entry-content'><h2 class='entry-title'><a href='https:\/\/www.magdalenabiela.com\/?p=10739'>May your Eternity be blessed, MARIANA MARIN!<\/a><\/h2><div class='entry-meta'>Posted on February 10, 2022 by magda<\/div><img src=https:\/\/www.magdalenabiela.com\/wp-content\/uploads\/2022\/02\/madi-150x150.jpg style='width:100px' \/>\nMay your Eternity be blessed, MARIANA MARIN!10.02.1956\n10 FEBRUARIE, SAMBATA SEARA, ACUM \/ the 10th of FEBRUARY, SATURDAY EVENING, NOW\nEa astepta sosirea musafirilor in marea sufragerie.Nici unul dintre gesturile ei ascutite nu aveacapul insangerat.Nici o portocala nu fusese taiata atat de frumos.Nimic din ce ar putea face un salt mortal in...<a href='https:\/\/www.magdalenabiela.com\/?p=10739' class='pfpReadMore'>Read More &raquo;<\/a><div class='clear'><\/div><hr><\/div><div class='pfpItem entry-content'><h2 class='entry-title'><a href='https:\/\/www.magdalenabiela.com\/?p=10724'>POEM DE DRAGOSTE \/ LOVE POEM<\/a><\/h2><div class='entry-meta'>Posted on February 6, 2022 by magda<\/div><img src=https:\/\/www.magdalenabiela.com\/wp-content\/uploads\/2022\/02\/beaytuful-150x150.jpg style='width:100px' \/>\nPOEM DE DRAGOSTE \/ LOVE POEM\nAm capatat o uriasa forta de convingere.Vechea fusta inflorata roseste in camere albe si verziiar eu imbatranesc intr-o palida furie&#8230;Incerc o constructie sensibila in fata oglinzii.De spate zile vorbesc in fata oglinzii.De sapte zile stau vopsita ca o mireasa si vorbescin fata oglinzii:&#8220;He-hei, cetateni ai...<a href='https:\/\/www.magdalenabiela.com\/?p=10724' class='pfpReadMore'>Read More &raquo;<\/a><div class='clear'><\/div><hr><\/div><div class='pfpItem entry-content'><h2 class='entry-title'><a href='https:\/\/www.magdalenabiela.com\/?p=10711'>ULTIMUL POEM DE DRAGOSTE IN GRADINA DE TRANDAFIR \/ THE LAST LOVE POEM IN THE ROSE GARDEN<\/a><\/h2><div class='entry-meta'>Posted on February 1, 2022 by magda<\/div><img src=https:\/\/www.magdalenabiela.com\/wp-content\/uploads\/2022\/02\/Mariana-Marin-150x150.jpg style='width:100px' \/>\nULTIMUL POEM DE DRAGOSTE IN GRADINA DE TRANDAFIR \/ THE LAST LOVE POEM IN THE ROSE GARDEN\n\u00cen gr\u0103dina de trandafir a spitalului,printre buc\u0103\u0163i de memorie vesel\u0103 \u015fi tablete aruncateai descoperit (dar vezi, nume\u015fte exact!)legea deplas\u0103rii \u00een roiuri a popoarelor vechi,astfel de r\u0103m\u0103\u015fi\u0163e prohibitedin care se vor hr\u0103ni \u00eentr-o zi noile...<a href='https:\/\/www.magdalenabiela.com\/?p=10711' class='pfpReadMore'>Read More &raquo;<\/a><div class='clear'><\/div><hr><\/div><div class='pfpItem entry-content'><h2 class='entry-title'><a href='https:\/\/www.magdalenabiela.com\/?p=10698'>DREPTUL CENUSII \/ THE RIGHT OF ASH<\/a><\/h2><div class='entry-meta'>Posted on January 29, 2022 by magda<\/div><img src=https:\/\/www.magdalenabiela.com\/wp-content\/uploads\/2022\/01\/womantrist-150x150.jpg style='width:100px' \/>\nDREPTUL CENUSII \/ THE RIGHT OF ASH\nCapitulez in fata atlazurilor mele fine,precum pardosul la sange existenta onorabila in mers teapan pe stradaCine insa ar mai putea descrie tristetea dictatoruluicare trezindu-se intr-o dimineata in fata ghilotineiisi sopteste ingrozit:- Aceasta nu e cu putinta!si mai tarziu, spaima din ochii supusilor: era dulce...<a href='https:\/\/www.magdalenabiela.com\/?p=10698' class='pfpReadMore'>Read More &raquo;<\/a><div class='clear'><\/div><hr><\/div><div class='pfpItem entry-content'><h2 class='entry-title'><a href='https:\/\/www.magdalenabiela.com\/?p=10676'>NUNTA \/ THE WEDDING<\/a><\/h2><div class='entry-meta'>Posted on January 26, 2022 by magda<\/div><img src=https:\/\/www.magdalenabiela.com\/wp-content\/uploads\/2022\/01\/corb-150x150.jpg style='width:100px' \/>\nNUNTA \/ THE WEDDING\nMi-a spus intr-o zi fratele:&#8211; inima mea este o mica femeie&#8230;L-am rugat sa nu creada in micile ei copite de apa.I-am aratat misterul roscat si de vulpe al oglinzii.Am baut pentru el, am iubit, am uitat.Pana cand nebunia mi-a crescut in ochi ca o gheara.Fratele meu si-a...<a href='https:\/\/www.magdalenabiela.com\/?p=10676' class='pfpReadMore'>Read More &raquo;<\/a><div class='clear'><\/div><hr><\/div><div class='pfpItem entry-content'><h2 class='entry-title'><a href='https:\/\/www.magdalenabiela.com\/?p=10667'>NEBUNIA DE A GUSTA TRANDAFIR \/ THE MADNESS OF TASTING A ROSE<\/a><\/h2><div class='entry-meta'>Posted on January 22, 2022 by magda<\/div><img src=https:\/\/www.magdalenabiela.com\/wp-content\/uploads\/2022\/01\/taste-rose-150x150.jpg style='width:100px' \/>\nNEBUNIA DE A GUSTA TRANDAFIR \/ THE MADNESS OF TASTING A ROSE\nLa radacina fireasca a r\u0103ului eu pun o irezistibila pofta de a-mi sarutain voie miinile(Ah, prietene&#8211; nebunia de a gusta trandafiratirnati cu o ureche de rozul bun simt)La 17 ani,la 23 si la iarna,voi continua sa-mi amintesc de mine...<a href='https:\/\/www.magdalenabiela.com\/?p=10667' class='pfpReadMore'>Read More &raquo;<\/a><div class='clear'><\/div><hr><\/div><div class='pfpItem entry-content'><h2 class='entry-title'><a href='https:\/\/www.magdalenabiela.com\/?p=10655'>10 FEBRUARIE, SAMBATA SEARA, ACUM \/ the 10th of FEBRUARY, SATURDAY EVENING, NOW<\/a><\/h2><div class='entry-meta'>Posted on January 16, 2022 by magda<\/div><img src=https:\/\/www.magdalenabiela.com\/wp-content\/uploads\/2022\/01\/lonelywom-150x150.jpg style='width:100px' \/>\n10 FEBRUARIE, SAMBATA SEARA, ACUM \/ the 10th of FEBRUARY, SATURDAY EVENING, NOW\nEa astepta sosirea musafirilor in marea sufragerie.Nici unul dintre gesturile ei ascutite nu aveacapul ins\u00eengerat.Nici o portocala nu fusese taiata at\u00eet de frumos.Nimic din ce ar putea face un salt mortal in fictiune.\n(s-a mai spus:o femeie, o oglinda,...<a href='https:\/\/www.magdalenabiela.com\/?p=10655' class='pfpReadMore'>Read More &raquo;<\/a><div class='clear'><\/div><hr><\/div><div class='pfpItem entry-content'><h2 class='entry-title'><a href='https:\/\/www.magdalenabiela.com\/?p=10552'>APEL IN SALA DE DISECTIE \/ CALL TO THE DISSECTING ROOM<\/a><\/h2><div class='entry-meta'>Posted on December 19, 2021 by magda<\/div><img src=https:\/\/www.magdalenabiela.com\/wp-content\/uploads\/2021\/12\/madi-150x150.jpg style='width:100px' \/>\n\u00a0\nAPEL IN SALA DE DISECTIE \/ CALL TO THE DISSECTING ROOM\nTe treze\u0219\u021bi cu toate organele al\u0103turi.Prive\u0219\u021bi, dar nu se \u00eent\u00e2mpl\u0103 nimic.E o cas\u0103 f\u0103r\u0103 oglinzi &#8211; \u021bi se spune.\nCineva care \u00ee\u021bi seam\u0103n\u0103 se apropie de fereastr\u0103.Auzi: nu, sufletele noastre nu pot fi salvate, dar cea mai bolnav\u0103, cea mai murdar\u0103,cea...<a href='https:\/\/www.magdalenabiela.com\/?p=10552' class='pfpReadMore'>Read More &raquo;<\/a><div class='clear'><\/div><hr><\/div><div class='pfpItem entry-content'><h2 class='entry-title'><a href='https:\/\/www.magdalenabiela.com\/?p=10528'>NOAPTE DE NOAPTE \/ NIGHT AFTER NIGHT<\/a><\/h2><div class='entry-meta'>Posted on December 12, 2021 by magda<\/div><img src=https:\/\/www.magdalenabiela.com\/wp-content\/uploads\/2021\/12\/rods-150x150.jpg style='width:100px' \/>\n\u00a0\nNOAPTE DE NOAPTE \/ NIGHT AFTER NIGHT\nIat\u0103 cum m\u0103 furi\u015fez eu la grani\u0163a dintre stiluri!(\u015etiu: alt\u0103dat\u0103 fl\u0103c\u0103ri vine\u0163ii mi-ar fi m\u00e2ng\u00e2iat incon\u015ftien\u0163a)De aici v\u0103 spun:-Unde s\u0103 mai s\u00e2ngereze cenu\u015fa astacare ne viseaz\u0103, prieteni?Cui s\u0103-i mai bage ea pumnul \u00een gur\u0103?S-a golit visteria \u015fi nimeni nu mai are curajuls\u0103-\u015fi dea via\u0163a...<a href='https:\/\/www.magdalenabiela.com\/?p=10528' class='pfpReadMore'>Read More &raquo;<\/a><div class='clear'><\/div><hr><\/div><div class='pfpItem entry-content'><h2 class='entry-title'><a href='https:\/\/www.magdalenabiela.com\/?p=10525'>NARATIUNE \/ NARRATIVE<\/a><\/h2><div class='entry-meta'>Posted on December 12, 2021 by magda<\/div><img src=https:\/\/www.magdalenabiela.com\/wp-content\/uploads\/2021\/12\/Poet-150x150.webp style='width:100px' \/>\u00a0\n\nNARATIUNE \/ NARRATIVE\nAs vrea sa fii moarta, mi-a spus.Sa fii moarta.Statuia celebra ma privea cu un ochi aidomaochiului meu.Tramvaiul cu maici trecea prin piata sfidand explozia sentimentelor si ele imi sfartecau biografia.\nAs mai putea marturisi ca in aceeasi secunda (ca in exact aceeasi secunda) cineva a iesit din creierul meu...<a href='https:\/\/www.magdalenabiela.com\/?p=10525' class='pfpReadMore'>Read More &raquo;<\/a><div class='clear'><\/div><hr><\/div><span class='pfpNav'><a href=\"https:\/\/www.magdalenabiela.com\/index.php?rest_route=%2Fwp%2Fv2%2Fpages%2F6922&#038;paged=2\" >\u2019NEXT\u2019<\/a><\/span>\n","protected":false},"excerpt":{"rendered":"","protected":false},"author":1,"featured_media":0,"parent":0,"menu_order":0,"comment_status":"open","ping_status":"closed","template":"","meta":{"footnotes":""},"class_list":["post-6922","page","type-page","status-publish","hentry"],"_links":{"self":[{"href":"https:\/\/www.magdalenabiela.com\/index.php?rest_route=\/wp\/v2\/pages\/6922","targetHints":{"allow":["GET"]}}],"collection":[{"href":"https:\/\/www.magdalenabiela.com\/index.php?rest_route=\/wp\/v2\/pages"}],"about":[{"href":"https:\/\/www.magdalenabiela.com\/index.php?rest_route=\/wp\/v2\/types\/page"}],"author":[{"embeddable":true,"href":"https:\/\/www.magdalenabiela.com\/index.php?rest_route=\/wp\/v2\/users\/1"}],"replies":[{"embeddable":true,"href":"https:\/\/www.magdalenabiela.com\/index.php?rest_route=%2Fwp%2Fv2%2Fcomments&post=6922"}],"version-history":[{"count":5,"href":"https:\/\/www.magdalenabiela.com\/index.php?rest_route=\/wp\/v2\/pages\/6922\/revisions"}],"predecessor-version":[{"id":10373,"href":"https:\/\/www.magdalenabiela.com\/index.php?rest_route=\/wp\/v2\/pages\/6922\/revisions\/10373"}],"wp:attachment":[{"href":"https:\/\/www.magdalenabiela.com\/index.php?rest_route=%2Fwp%2Fv2%2Fmedia&parent=6922"}],"curies":[{"name":"wp","href":"https:\/\/api.w.org\/{rel}","templated":true}]}}