{"id":6391,"date":"2017-07-29T11:36:59","date_gmt":"2017-07-29T08:36:59","guid":{"rendered":"http:\/\/www.magdalenabiela.com\/?page_id=6391"},"modified":"2021-12-02T19:21:09","modified_gmt":"2021-12-02T17:21:09","slug":"music","status":"publish","type":"page","link":"https:\/\/www.magdalenabiela.com\/?page_id=6391","title":{"rendered":"L.Onerva"},"content":{"rendered":"<div class='pfpItem entry-content'><h2 class='entry-title'><a href='https:\/\/www.magdalenabiela.com\/?p=10495'>L. Onervan runoja<\/a><\/h2><div class='entry-meta'>Posted on December 2, 2021 by magda<\/div><img src=https:\/\/www.magdalenabiela.com\/wp-content\/uploads\/2021\/12\/lonerva-150x150.jpeg style='width:100px' \/>\u00a0\n\n\u00a0\nL. Onervan runoja &#8211; 28. 04.1882 Helsinki \u2013 1. 03 1972\u00a0\n1.SYYSTUNNELMA\nKeltaset lehdet putoo &#8211;Kylm\u00e4t pisaret ruutuhan rupsaa;h\u00e4m\u00e4h\u00e4ki sein\u00e4h\u00e4n seitti\u00e4 kutoo,vanhassa puussa nakuttaa ja napsaahyvityksen mato,-\u00d6isen tuulen huuhkaja huhuu:kaikesta kato!!-\n\u00a0\nTABLOU DE TOAMNA\nCad frunze ruginite &#8211;Cu picaturi reci ploaia in geam loveste;paianjenul isi tese panza pe perete,in copacul batran ne-ncetat ciocanestevirmele mortii,-In...<a href='https:\/\/www.magdalenabiela.com\/?p=10495' class='pfpReadMore'>Read More &raquo;<\/a><div class='clear'><\/div><hr><\/div>\n","protected":false},"excerpt":{"rendered":"","protected":false},"author":1,"featured_media":0,"parent":0,"menu_order":0,"comment_status":"open","ping_status":"closed","template":"","meta":{"footnotes":""},"class_list":["post-6391","page","type-page","status-publish","hentry"],"_links":{"self":[{"href":"https:\/\/www.magdalenabiela.com\/index.php?rest_route=\/wp\/v2\/pages\/6391","targetHints":{"allow":["GET"]}}],"collection":[{"href":"https:\/\/www.magdalenabiela.com\/index.php?rest_route=\/wp\/v2\/pages"}],"about":[{"href":"https:\/\/www.magdalenabiela.com\/index.php?rest_route=\/wp\/v2\/types\/page"}],"author":[{"embeddable":true,"href":"https:\/\/www.magdalenabiela.com\/index.php?rest_route=\/wp\/v2\/users\/1"}],"replies":[{"embeddable":true,"href":"https:\/\/www.magdalenabiela.com\/index.php?rest_route=%2Fwp%2Fv2%2Fcomments&post=6391"}],"version-history":[{"count":7,"href":"https:\/\/www.magdalenabiela.com\/index.php?rest_route=\/wp\/v2\/pages\/6391\/revisions"}],"predecessor-version":[{"id":10469,"href":"https:\/\/www.magdalenabiela.com\/index.php?rest_route=\/wp\/v2\/pages\/6391\/revisions\/10469"}],"wp:attachment":[{"href":"https:\/\/www.magdalenabiela.com\/index.php?rest_route=%2Fwp%2Fv2%2Fmedia&parent=6391"}],"curies":[{"name":"wp","href":"https:\/\/api.w.org\/{rel}","templated":true}]}}