{"id":10474,"date":"2021-12-02T19:28:04","date_gmt":"2021-12-02T17:28:04","guid":{"rendered":"http:\/\/www.magdalenabiela.com\/?page_id=10474"},"modified":"2021-12-02T20:36:20","modified_gmt":"2021-12-02T18:36:20","slug":"eeva-liisa-manner","status":"publish","type":"page","link":"https:\/\/www.magdalenabiela.com\/?page_id=10474","title":{"rendered":"Eeva-Liisa Manner"},"content":{"rendered":"\n<div class='pfpItem entry-content'><h2 class='entry-title'><a href='https:\/\/www.magdalenabiela.com\/?p=10802'>RUKOUS \/ RUGACIUNE \/ PRAYER<\/a><\/h2><div class='entry-meta'>Posted on March 24, 2022 by magda<\/div><img src=https:\/\/www.magdalenabiela.com\/wp-content\/uploads\/2022\/03\/prayer-tree-150x150.jpg style='width:100px' \/>\nRUKOUS \/ RUGACIUNE \/ PRAYER\nTein sanoja savestaJa sanani olivat kuolleita.\nPuhalla niihin henkesi tuli, Mestari!Anna minun k\u00e4teeni voimaja syd\u00e4meeni rakkaus \u2013 ja kenties silloinsavi el\u00e4\u00e4.\nEEVA-LIISA MANNER\n&#8230;&#8230;&#8230;&#8230;&#8230;&#8230;&#8230;\nRUGACIUNE\nAm f\u0103cut cuvinte din lut\u0218i cuvintele mele au fost moarte.\nSufla-\u021bi sufletul asupra lor, St\u0103p\u00e2ne!D\u0103 putere mainii melesi inimii mele dragoste &#8211;si poate atuncilutul va trai.\n&#8230;&#8230;&#8230;&#8230;&#8230;&#8230;..\nPRAYER\nI made...<a href='https:\/\/www.magdalenabiela.com\/?p=10802' class='pfpReadMore'>Read More &raquo;<\/a><div class='clear'><\/div><hr><\/div><div class='pfpItem entry-content'><h2 class='entry-title'><a href='https:\/\/www.magdalenabiela.com\/?p=10799'>Maisema Summasta (1940) \/ Landscape of Summa \/ Peisajul Summei<\/a><\/h2><div class='entry-meta'>Posted on March 24, 2022 by magda<\/div><img src=https:\/\/www.magdalenabiela.com\/wp-content\/uploads\/2022\/03\/summa-150x150.webp style='width:100px' \/>\nMaisema Summasta (1940) \/ Landscape of Summa \/ Peisajul Summei\nTaistelukent\u00e4ll\u00e4 vallitsee rauha,synkk\u00e4 rauha.\nKranaattien kynt\u00e4m\u00e4n pellonja ter\u00e4ssateen kaataman mets\u00e4n yll\u00e4riippuvat pime\u00e4t pilvet,Suomen kohtalon pilvet,ja aution maan ja uhkaavan taivaan v\u00e4lill\u00e4hengitt\u00e4\u00e4 vain syv\u00e4 murhe ja ahdistus.\nRauha?Ei, t\u00e4m\u00e4 taistelu ei ole viel\u00e4 lopussa!Jonakin p\u00e4iv\u00e4n\u00e4vavahtelee maa taaskin kuolemantuskasta,jonakin p\u00e4iv\u00e4n\u00e4 yhtyy lumeen vajonnut,ruostunut tykkisodan ukkospauhuun.Kerran...<a href='https:\/\/www.magdalenabiela.com\/?p=10799' class='pfpReadMore'>Read More &raquo;<\/a><div class='clear'><\/div><hr><\/div><div class='pfpItem entry-content'><h2 class='entry-title'><a href='https:\/\/www.magdalenabiela.com\/?p=10796'>Pro Viipuri (1940) \/ Pro Vyborg<\/a><\/h2><div class='entry-meta'>Posted on March 24, 2022 by magda<\/div><img src=https:\/\/www.magdalenabiela.com\/wp-content\/uploads\/2022\/03\/flag-150x150.webp style='width:100px' \/>\nPro Viipuri (1940) \/ Pro Vyborg\nYli paikan ja ajann\u00e4\u00e4n sinut, poltettu, h\u00e4vitetty, ylpe\u00e4 kaupunki:polttoroviostasi, yli lieskan ja pauhunroihuaa taivaalle Suomen leijona,jonka tuliharjaa vastenpiirtyy Torkkelin linnan ja sinivalkoisen viirinylv\u00e4s taru:me kest\u00e4mme.\nL\u00e4pi aution maiseman,Kranaatinr\u00e4j\u00e4hdysten saattelemanaKuljen savunsy\u00f6m\u00e4lle kotipihalle.Mit\u00e4 taloj\u00e4ttil\u00e4isen hiiltynyt luuranko,Kauhun kivettym\u00e4, vartioi.Pari mustaa savupiippua,Hiekkaa, soraa, tiilimurskaa,Kellarinikkunain onton silm\u00e4parin synkk\u00e4 tuijotusKivijalan matalasta otsasta...<a href='https:\/\/www.magdalenabiela.com\/?p=10796' class='pfpReadMore'>Read More &raquo;<\/a><div class='clear'><\/div><hr><\/div><div class='pfpItem entry-content'><h2 class='entry-title'><a href='https:\/\/www.magdalenabiela.com\/?p=10793'>Valkea uni \/ White sleep \/ Somn alb<\/a><\/h2><div class='entry-meta'>Posted on March 24, 2022 by magda<\/div><img src=https:\/\/www.magdalenabiela.com\/wp-content\/uploads\/2022\/03\/motherly-150x150.jpg style='width:100px' \/>\nValkea uni \/ White sleep \/ Somn alb\nN\u00e4in \u00e4sken kaunista unta: Tuli luokse mun \u00e4itini,Minun valkea \u00e4itini.H\u00e4n minua k\u00e4dest\u00e4 talutti.Oli Jumalan valtakuntanyt saapunut luoksenimukana \u00e4itini.H\u00e4n minua hiljaa hyv\u00e4ili.\nH\u00e4n katseli kirkkaudestaNiin kauan ja hell\u00e4stimua, et\u00e4inen \u00e4itini.H\u00e4n minua otsalle suuteli.\nH\u00e4n, kotoisin valkeudesta,minun korvaani kuiskasi:\u201dSin\u00e4 v\u00e4synyt lapseni,Olen vaikeilla teill\u00e4 sun kanssasi.\u201d\nEEVA-LIISA MANNER\n&#8230;&#8230;&#8230;&#8230;&#8230;&#8230;\nWhite sleep\nA...<a href='https:\/\/www.magdalenabiela.com\/?p=10793' class='pfpReadMore'>Read More &raquo;<\/a><div class='clear'><\/div><hr><\/div><div class='pfpItem entry-content'><h2 class='entry-title'><a href='https:\/\/www.magdalenabiela.com\/?p=10703'>HILJAISUUS \/ SILENCE \/ TACERE<\/a><\/h2><div class='entry-meta'>Posted on January 30, 2022 by magda<\/div><img src=https:\/\/www.magdalenabiela.com\/wp-content\/uploads\/2022\/01\/obosit-150x150.jpg style='width:100px' \/>\nHILJAISUUS \/ SILENCE \/ TACERE\nH\u00e4m\u00e4r\u00e4 hiljaisuus yli puiden sataa.Peltojen poikki katoaa kapea tieniinkuin sininen sauhu siniseen kaukaisuuteenja taivaan pelloille vie.\nOnni ja murhe on poissa. Ei ole el\u00e4m\u00e4\u00e4 t\u00e4\u00e4ll\u00e4,Kuolemaa ei ole \u2013 vain er\u00e4s Ikuinen,taivaan tavoin mi seestyy valoksi p\u00e4\u00e4ni p\u00e4\u00e4ll\u00e4.Hyv\u00e4 on l\u00e4hell\u00e4\u00e4n olla v\u00e4syneen ihmisen.\nHyv\u00e4 on katsella t\u00e4htien kaikkeusrataa,Hyv\u00e4 on...<a href='https:\/\/www.magdalenabiela.com\/?p=10703' class='pfpReadMore'>Read More &raquo;<\/a><div class='clear'><\/div><hr><\/div><div class='pfpItem entry-content'><h2 class='entry-title'><a href='https:\/\/www.magdalenabiela.com\/?p=10639'>N\u00c4KY RAUNIOILLA \/ VIEW INTO THE RUINS \/ VEDERE \u00ceN RUINE<\/a><\/h2><div class='entry-meta'>Posted on January 9, 2022 by magda<\/div><img src=https:\/\/www.magdalenabiela.com\/wp-content\/uploads\/2022\/01\/vyborg-150x150.jpg style='width:100px' \/>\nN\u00c4KY RAUNIOILLA \/ VIEW INTO THE RUINS \/ VEDERE \u00ceN RUINE(13.3.1941)\nKerran tunsit: ikuisuuden mereenvajonnut on kotikaupunkisi.Linnan varjo veteen haudanmustaankuvastui, kun alkoi pakoretkes.Autiossa satamassa turhaankiinnekohtaa taivaalta sa etsit.Verenpunaisena hulmus meren \u00e4\u00e4ri,it\u00e4tuuli vonkui yll\u00e4 aavain.Levisi jo roihu h\u00e4vityksensieluusi, sun sisimp\u00e4\u00e4si asti.\nSilloin kaikki oli sulta kuollut.Uneesi sen j\u00e4lkeen usein kuulithartaat ly\u00f6nnit tutun tornikellon.Vainajien...<a href='https:\/\/www.magdalenabiela.com\/?p=10639' class='pfpReadMore'>Read More &raquo;<\/a><div class='clear'><\/div><hr><\/div><div class='pfpItem entry-content'><h2 class='entry-title'><a href='https:\/\/www.magdalenabiela.com\/?p=10635'>MUSTAA JA PUNAISTA<\/a><\/h2><div class='entry-meta'>Posted on January 9, 2022 by magda<\/div><img src=https:\/\/www.magdalenabiela.com\/wp-content\/uploads\/2022\/01\/viipuri-150x150.jpg style='width:100px' \/>\nMUSTAA JA PUNAISTA(1940)\nViipuri,sinun raunioillasi vannoimme kerran:me palaamme!Emme j\u00e4t\u00e4 sinua yksinid\u00e4n y\u00f6h\u00f6n.\nJa me rukoilimme taivasta avuksesi,mutta n\u00e4imme vain aution taivaankuin palavan meren,ja mieliimme hiipi ep\u00e4ilys:palaammeko? milloin?T\u00e4hdet vapisivat vastaukseksija talojen sadat ontot silm\u00e4t tuijottivat tyhjyyteen.\nKun aloitimme matkan tuntemattomaan ja y\u00f6h\u00f6n,kun j\u00e4timme taaksemme palavan kaupungin,kaiken sen, mik\u00e4 meille oli l\u00e4heist\u00e4 ja rakasta,pys\u00e4hdyimme ajattelemaanmink\u00e4...<a href='https:\/\/www.magdalenabiela.com\/?p=10635' class='pfpReadMore'>Read More &raquo;<\/a><div class='clear'><\/div><hr><\/div><div class='pfpItem entry-content'><h2 class='entry-title'><a href='https:\/\/www.magdalenabiela.com\/?p=10543'>T\u00c4M\u00c4 MATKA - 90-R \/ THIS JOURNEY \/ ACEASTA CALATORIE<\/a><\/h2><div class='entry-meta'>Posted on December 13, 2021 by magda<\/div><img src=https:\/\/www.magdalenabiela.com\/wp-content\/uploads\/2021\/12\/eero-jarnefelt-150x150.jpg style='width:100px' \/>\u00a0\n\n\u00a0\nT\u00c4M\u00c4 MATKA &#8211; 90-R \/ THIS JOURNEY \/ ACEASTA CALATORIE\n\u00a0\nHyl\u00e4tty taloAsumaton nainenTyhj\u00e4 polkuVer\u00e4j\u00e4 ei muista\nPuut riisuttuvatTaivaan koira k\u00e4\u00e4ntyyIkkunat peitet\u00e4\u00e4n\nVuosi kypsyyOn syksyykahden p\u00e4iv\u00e4n vingahtava kiertoennen talvikuuta.\n\u00a0\nEEVA-LIISA MANNER\n&#8230;&#8230;&#8230;&#8230;&#8230;..\nTHIS JOURNEY\nAn abandoned houseUninhabited womanan empty pathThe gate doesn&#8217;t remember\nThe trees are strippedThe dog in heaven turnsThe windows are covered\nIs maturing the yearAutumn is herea...<a href='https:\/\/www.magdalenabiela.com\/?p=10543' class='pfpReadMore'>Read More &raquo;<\/a><div class='clear'><\/div><hr><\/div><div class='pfpItem entry-content'><h2 class='entry-title'><a href='https:\/\/www.magdalenabiela.com\/?p=10509'>H\u00c4NET KIELSIN \/ PE EL L-AM NEGAT<\/a><\/h2><div class='entry-meta'>Posted on December 3, 2021 by magda<\/div><img src=https:\/\/www.magdalenabiela.com\/wp-content\/uploads\/2021\/12\/christ-150x150.webp style='width:100px' \/>\n\u00a0\nH\u00c4NET KIELSIN \/ PE EL L-AM NEGAT\nKuljin kadulla ihmisvilin\u00e4ss\u00e4, Iloisten, surullisten ja v\u00e4linpit\u00e4m\u00e4tt\u00f6m\u00e4in kasvojen virtavieri ohitseni.\nSilloin tuli vastaani mies, jolla oli silmiss\u00e4\u00e4n lempe\u00e4, k\u00e4rsiv\u00e4 ilme ja jonka olemuksesta s\u00e4teili taivaallinen kirkkaus. H\u00e4n ojensi minulle k\u00e4tens\u00e4: Se oli l\u00e4vistetty. \u201dTule, lapsi, seuraa minua, min\u00e4 n\u00e4yt\u00e4 sinulle Tien.\u201d\nMutta min\u00e4 pel\u00e4styinh\u00e4nen lempe\u00e4\u00e4 \u00e4\u00e4nt\u00e4\u00e4n...<a href='https:\/\/www.magdalenabiela.com\/?p=10509' class='pfpReadMore'>Read More &raquo;<\/a><div class='clear'><\/div><hr><\/div><div class='pfpItem entry-content'><h2 class='entry-title'><a href='https:\/\/www.magdalenabiela.com\/?p=10506'>PELKOA \/ FRICA<\/a><\/h2><div class='entry-meta'>Posted on December 3, 2021 by magda<\/div><img src=https:\/\/www.magdalenabiela.com\/wp-content\/uploads\/2021\/12\/monk-150x150.jpg style='width:100px' \/>\n\u00a0\nPELKOA \/ FRICA\nMin\u00e4 rakasta sumua. Miksi? Onko se turvallista?Ei, se on pelottavaa. Olen katsonut k\u00e4tt\u00e4ni sumussa ja paennut sit\u00e4, sill\u00e4 se on ollut vieras k\u00e4si, kuoleman k\u00e4si. Er\u00e4\u00e4n yst\u00e4v\u00e4n kasvot n\u00e4in sumussa-vihre\u00e4t, vieraat, kauheat kasvot.\nMiksi min\u00e4 rakastan sumua?\nSinne pakenen Jumalan vihaa. Sumussa ei taivas katselemaan pimeit\u00e4 ajatuksia.\nEEVA &#8211; LIISA MANNER\n&#8230;&#8230;&#8230;&#8230;&#8230;.\nFRICA\nIubesc...<a href='https:\/\/www.magdalenabiela.com\/?p=10506' class='pfpReadMore'>Read More &raquo;<\/a><div class='clear'><\/div><hr><\/div><span class='pfpNav'><a href=\"https:\/\/www.magdalenabiela.com\/index.php?rest_route=%2Fwp%2Fv2%2Fpages%2F10474&#038;paged=2\" >\u2019NEXT\u2019<\/a><\/span>\n","protected":false},"excerpt":{"rendered":"","protected":false},"author":1,"featured_media":0,"parent":0,"menu_order":0,"comment_status":"closed","ping_status":"closed","template":"","meta":{"footnotes":""},"class_list":["post-10474","page","type-page","status-publish","hentry"],"_links":{"self":[{"href":"https:\/\/www.magdalenabiela.com\/index.php?rest_route=\/wp\/v2\/pages\/10474","targetHints":{"allow":["GET"]}}],"collection":[{"href":"https:\/\/www.magdalenabiela.com\/index.php?rest_route=\/wp\/v2\/pages"}],"about":[{"href":"https:\/\/www.magdalenabiela.com\/index.php?rest_route=\/wp\/v2\/types\/page"}],"author":[{"embeddable":true,"href":"https:\/\/www.magdalenabiela.com\/index.php?rest_route=\/wp\/v2\/users\/1"}],"replies":[{"embeddable":true,"href":"https:\/\/www.magdalenabiela.com\/index.php?rest_route=%2Fwp%2Fv2%2Fcomments&post=10474"}],"version-history":[{"count":3,"href":"https:\/\/www.magdalenabiela.com\/index.php?rest_route=\/wp\/v2\/pages\/10474\/revisions"}],"predecessor-version":[{"id":10505,"href":"https:\/\/www.magdalenabiela.com\/index.php?rest_route=\/wp\/v2\/pages\/10474\/revisions\/10505"}],"wp:attachment":[{"href":"https:\/\/www.magdalenabiela.com\/index.php?rest_route=%2Fwp%2Fv2%2Fmedia&parent=10474"}],"curies":[{"name":"wp","href":"https:\/\/api.w.org\/{rel}","templated":true}]}}