{"id":10471,"date":"2021-12-02T19:25:38","date_gmt":"2021-12-02T17:25:38","guid":{"rendered":"http:\/\/www.magdalenabiela.com\/?page_id=10471"},"modified":"2021-12-02T20:28:34","modified_gmt":"2021-12-02T18:28:34","slug":"eino-leino","status":"publish","type":"page","link":"https:\/\/www.magdalenabiela.com\/?page_id=10471","title":{"rendered":"Eino Leino"},"content":{"rendered":"\n<div class='pfpItem entry-content'><h2 class='entry-title'><a href='https:\/\/www.magdalenabiela.com\/?p=10767'>TERVE UKRAINA! \/ SALUT, UCRAINA! \/ HAIL UKRAINE!<\/a><\/h2><div class='entry-meta'>Posted on February 27, 2022 by magda<\/div><img src=https:\/\/www.magdalenabiela.com\/wp-content\/uploads\/2022\/02\/tervetreve-150x150.jpg style='width:100px' \/>\nTERVE UKRAINA! \/ SALUT, UCRAINA! \/ HAIL, UKRAINE!\n\u00a0\nTerve Ukraina! Kunnias soikoon,Huutona huomenen valkenevan!Voimasi, lempesi leimaus voikoonvaatia, laatia maan vapahan!Uljas Ukraina! Nyt \u00e4l\u00e4 horju!Kerran se koittaa kansojen koi.Tyynen\u00e4, vankkana vaarasi torju,tai jos on tarpehen, niin salamoi!\nKaunis Ukraina, kansojen suola!Sulla on lippu ja meill\u00e4 on tie.My\u00f6t\u00e4s on myrskyss\u00e4 Suomi ja Puola,My\u00f6s Viro,...<a href='https:\/\/www.magdalenabiela.com\/?p=10767' class='pfpReadMore'>Read More &raquo;<\/a><div class='clear'><\/div><hr><\/div><div class='pfpItem entry-content'><h2 class='entry-title'><a href='https:\/\/www.magdalenabiela.com\/?p=10512'>VAPAUS! \/ FREEDOM!<\/a><\/h2><div class='entry-meta'>Posted on December 6, 2021 by magda<\/div><img src=https:\/\/www.magdalenabiela.com\/wp-content\/uploads\/2021\/12\/suomessa-150x150.jpg style='width:100px' \/>\n\u00a0\nHyv\u00e4\u00e4 itsen\u00e4isyysp\u00e4iv\u00e4\u00e4!!!\n\u00a0\nVAPAUS! \/ FREEDOM!\n(Oikeuden marttyyreille omistettu)\nJos on suurta tehty miss\u00e4,sit\u2019 on tehty syd\u00e4miss\u00e4,kautta tarmon, kautta kunnon,hyv\u00e4n kautta omantunnon;siell\u2019 on Suomen juuret meill\u00e4,jotka kest\u00e4\u00e4 elon teill\u00e4,kest\u00e4\u00e4, vaikk\u2019 on vaara vakaa,kuuluu vuosisatain takaa.\nTerve teille, Suomen suuret,joill\u2019 on synnyinmaassa juuret,syv\u00e4t niinkuin Suomen puilla,syvemm\u00e4t kuin meill\u00e4 muilla;kuka enin k\u00e4rsi, vastah\u00e4ll\u2019 on tieto maailmasta,tunto is\u00e4nmaankin...<a href='https:\/\/www.magdalenabiela.com\/?p=10512' class='pfpReadMore'>Read More &raquo;<\/a><div class='clear'><\/div><hr><\/div><div class='pfpItem entry-content'><h2 class='entry-title'><a href='https:\/\/www.magdalenabiela.com\/?p=10491'>Eino Leinon runoja<\/a><\/h2><div class='entry-meta'>Posted on December 2, 2021 by magda<\/div><img src=https:\/\/www.magdalenabiela.com\/wp-content\/uploads\/2021\/12\/leino-150x150.jpeg style='width:100px' \/>\n&nbsp;\nEino Leinon runoja &#8211; 6.07.1878, Paltamo &#8211; 10.01.1926, Tuusula\n1. VAALIN VALTA\nMuilla olkoon vaalin valta,mull\u2019 ei ollut milloinkaan;kuljin ylt\u00e4 taikka alta,itse\u00e4ni t\u00e4ytin vaan;mink\u00e4 tein, mun tehd\u00e4 t\u00e4ytyi,mit\u2019 en tehnyt, voinut en;vihdoin ilta h\u00e4m\u00e4rt\u00e4ytyi,lankes hetki hiljainen.\nPankaa patsas haudalleni,kiveen t\u00e4m\u00e4 kirjoitus:\u201dSynkk\u00e4 niinkuin syd\u00e4menioli mulle sallimus.Itse iskin piist\u00e4 tulta,sytyin, hehkuin tuokion,paloi paras laulu multa,t\u00e4ss\u00e4...<a href='https:\/\/www.magdalenabiela.com\/?p=10491' class='pfpReadMore'>Read More &raquo;<\/a><div class='clear'><\/div><hr><\/div>\n","protected":false},"excerpt":{"rendered":"","protected":false},"author":1,"featured_media":0,"parent":0,"menu_order":0,"comment_status":"closed","ping_status":"closed","template":"","meta":{"footnotes":""},"class_list":["post-10471","page","type-page","status-publish","hentry"],"_links":{"self":[{"href":"https:\/\/www.magdalenabiela.com\/index.php?rest_route=\/wp\/v2\/pages\/10471","targetHints":{"allow":["GET"]}}],"collection":[{"href":"https:\/\/www.magdalenabiela.com\/index.php?rest_route=\/wp\/v2\/pages"}],"about":[{"href":"https:\/\/www.magdalenabiela.com\/index.php?rest_route=\/wp\/v2\/types\/page"}],"author":[{"embeddable":true,"href":"https:\/\/www.magdalenabiela.com\/index.php?rest_route=\/wp\/v2\/users\/1"}],"replies":[{"embeddable":true,"href":"https:\/\/www.magdalenabiela.com\/index.php?rest_route=%2Fwp%2Fv2%2Fcomments&post=10471"}],"version-history":[{"count":2,"href":"https:\/\/www.magdalenabiela.com\/index.php?rest_route=\/wp\/v2\/pages\/10471\/revisions"}],"predecessor-version":[{"id":10502,"href":"https:\/\/www.magdalenabiela.com\/index.php?rest_route=\/wp\/v2\/pages\/10471\/revisions\/10502"}],"wp:attachment":[{"href":"https:\/\/www.magdalenabiela.com\/index.php?rest_route=%2Fwp%2Fv2%2Fmedia&parent=10471"}],"curies":[{"name":"wp","href":"https:\/\/api.w.org\/{rel}","templated":true}]}}